{"id":307,"date":"2024-06-26T12:15:25","date_gmt":"2024-06-26T09:15:25","guid":{"rendered":"http:\/\/koncaycay.test\/?page_id=307"},"modified":"2024-06-26T12:15:58","modified_gmt":"2024-06-26T09:15:58","slug":"odeme-ve-teslimat","status":"publish","type":"page","link":"https:\/\/konjaccay.com\/pt\/pagamento-e-entrega\/","title":{"rendered":"Pagamento e Entrega"},"content":{"rendered":"<div data-elementor-type=\"wp-page\" data-elementor-id=\"307\" class=\"elementor elementor-307\" data-elementor-post-type=\"page\">\n\t\t\t\t\t\t<section class=\"elementor-section elementor-top-section elementor-element elementor-element-fd54288 elementor-section-height-min-height elementor-section-content-middle elementor-section-boxed elementor-section-height-default elementor-section-items-middle\" data-id=\"fd54288\" data-element_type=\"section\" data-settings=\"{&quot;background_background&quot;:&quot;classic&quot;}\">\n\t\t\t\t\t\t<div class=\"elementor-container elementor-column-gap-default\">\n\t\t\t\t\t<div class=\"elementor-column elementor-col-100 elementor-top-column elementor-element elementor-element-d640c58\" data-id=\"d640c58\" data-element_type=\"column\">\n\t\t\t<div class=\"elementor-widget-wrap elementor-element-populated\">\n\t\t\t\t\t\t<div class=\"elementor-element elementor-element-48cef1c elementor-widget elementor-widget-heading\" data-id=\"48cef1c\" data-element_type=\"widget\" data-widget_type=\"heading.default\">\n\t\t\t\t<div class=\"elementor-widget-container\">\n\t\t\t<style>\/*! elementor - v3.22.0 - 17-06-2024 *\/\n.elementor-heading-title{padding:0;margin:0;line-height:1}.elementor-widget-heading .elementor-heading-title[class*=elementor-size-]>a{color:inherit;font-size:inherit;line-height:inherit}.elementor-widget-heading .elementor-heading-title.elementor-size-small{font-size:15px}.elementor-widget-heading .elementor-heading-title.elementor-size-medium{font-size:19px}.elementor-widget-heading .elementor-heading-title.elementor-size-large{font-size:29px}.elementor-widget-heading .elementor-heading-title.elementor-size-xl{font-size:39px}.elementor-widget-heading .elementor-heading-title.elementor-size-xxl{font-size:59px}<\/style><h2 class=\"elementor-heading-title elementor-size-default\">Pagamento e Entrega<\/h2>\t\t<\/div>\n\t\t\t\t<\/div>\n\t\t\t\t<div class=\"elementor-element elementor-element-fb3a1c6 elementor-align-center elementor-widget elementor-widget-breadcrumbs\" data-id=\"fb3a1c6\" data-element_type=\"widget\" data-widget_type=\"breadcrumbs.default\">\n\t\t\t\t<div class=\"elementor-widget-container\">\n\t\t\t<link rel=\"stylesheet\" href=\"https:\/\/konjaccay.com\/wp-content\/plugins\/elementor-pro\/assets\/css\/widget-theme-elements.min.css\"><p id=\"breadcrumbs\"><span><span><a href=\"https:\/\/konjaccay.com\/pt\/\">p\u00e1gina inicial<\/a><\/span><\/span><\/p>\t\t<\/div>\n\t\t\t\t<\/div>\n\t\t\t\t\t<\/div>\n\t\t<\/div>\n\t\t\t\t\t<\/div>\n\t\t<\/section>\n\t\t\t\t<section class=\"elementor-section elementor-top-section elementor-element elementor-element-08f6f74 elementor-section-content-middle elementor-section-boxed elementor-section-height-default elementor-section-height-default\" data-id=\"08f6f74\" data-element_type=\"section\">\n\t\t\t\t\t\t<div class=\"elementor-container elementor-column-gap-default\">\n\t\t\t\t\t<div class=\"elementor-column elementor-col-100 elementor-top-column elementor-element elementor-element-236a49c\" data-id=\"236a49c\" data-element_type=\"column\">\n\t\t\t<div class=\"elementor-widget-wrap elementor-element-populated\">\n\t\t\t\t\t\t<div class=\"elementor-element elementor-element-1436753 elementor-widget elementor-widget-spacer\" data-id=\"1436753\" data-element_type=\"widget\" data-widget_type=\"spacer.default\">\n\t\t\t\t<div class=\"elementor-widget-container\">\n\t\t\t<style>\/*! elementor - v3.22.0 - 17-06-2024 *\/\n.elementor-column .elementor-spacer-inner{height:var(--spacer-size)}.e-con{--container-widget-width:100%}.e-con-inner>.elementor-widget-spacer,.e-con>.elementor-widget-spacer{width:var(--container-widget-width,var(--spacer-size));--align-self:var(--container-widget-align-self,initial);--flex-shrink:0}.e-con-inner>.elementor-widget-spacer>.elementor-widget-container,.e-con>.elementor-widget-spacer>.elementor-widget-container{height:100%;width:100%}.e-con-inner>.elementor-widget-spacer>.elementor-widget-container>.elementor-spacer,.e-con>.elementor-widget-spacer>.elementor-widget-container>.elementor-spacer{height:100%}.e-con-inner>.elementor-widget-spacer>.elementor-widget-container>.elementor-spacer>.elementor-spacer-inner,.e-con>.elementor-widget-spacer>.elementor-widget-container>.elementor-spacer>.elementor-spacer-inner{height:var(--container-widget-height,var(--spacer-size))}.e-con-inner>.elementor-widget-spacer.elementor-widget-empty,.e-con>.elementor-widget-spacer.elementor-widget-empty{position:relative;min-height:22px;min-width:22px}.e-con-inner>.elementor-widget-spacer.elementor-widget-empty .elementor-widget-empty-icon,.e-con>.elementor-widget-spacer.elementor-widget-empty .elementor-widget-empty-icon{position:absolute;top:0;bottom:0;left:0;right:0;margin:auto;padding:0;width:22px;height:22px}<\/style>\t\t<div class=\"elementor-spacer\">\n\t\t\t<div class=\"elementor-spacer-inner\"><\/div>\n\t\t<\/div>\n\t\t\t\t<\/div>\n\t\t\t\t<\/div>\n\t\t\t\t\t<\/div>\n\t\t<\/div>\n\t\t\t\t\t<\/div>\n\t\t<\/section>\n\t\t\t\t<section class=\"elementor-section elementor-top-section elementor-element elementor-element-58b3169 elementor-section-content-middle elementor-section-boxed elementor-section-height-default elementor-section-height-default\" data-id=\"58b3169\" data-element_type=\"section\">\n\t\t\t\t\t\t<div class=\"elementor-container elementor-column-gap-default\">\n\t\t\t\t\t<div class=\"elementor-column elementor-col-100 elementor-top-column elementor-element elementor-element-384ad9a\" data-id=\"384ad9a\" data-element_type=\"column\">\n\t\t\t<div class=\"elementor-widget-wrap elementor-element-populated\">\n\t\t\t\t\t\t<section class=\"elementor-section elementor-inner-section elementor-element elementor-element-a6593b8 elementor-section-content-middle elementor-section-boxed elementor-section-height-default elementor-section-height-default\" data-id=\"a6593b8\" data-element_type=\"section\">\n\t\t\t\t\t\t<div class=\"elementor-container elementor-column-gap-default\">\n\t\t\t\t\t<div class=\"elementor-column elementor-col-100 elementor-inner-column elementor-element elementor-element-06f6497\" data-id=\"06f6497\" data-element_type=\"column\">\n\t\t\t<div class=\"elementor-widget-wrap elementor-element-populated\">\n\t\t\t\t\t\t<div class=\"elementor-element elementor-element-47cd4aa elementor-widget elementor-widget-text-editor\" data-id=\"47cd4aa\" data-element_type=\"widget\" data-widget_type=\"text-editor.default\">\n\t\t\t\t<div class=\"elementor-widget-container\">\n\t\t\t<style>\/*! elementor - v3.22.0 - 17-06-2024 *\/\n.elementor-widget-text-editor.elementor-drop-cap-view-stacked .elementor-drop-cap{background-color:#69727d;color:#fff}.elementor-widget-text-editor.elementor-drop-cap-view-framed .elementor-drop-cap{color:#69727d;border:3px solid;background-color:transparent}.elementor-widget-text-editor:not(.elementor-drop-cap-view-default) .elementor-drop-cap{margin-top:8px}.elementor-widget-text-editor:not(.elementor-drop-cap-view-default) .elementor-drop-cap-letter{width:1em;height:1em}.elementor-widget-text-editor .elementor-drop-cap{float:left;text-align:center;line-height:1;font-size:50px}.elementor-widget-text-editor .elementor-drop-cap-letter{display:inline-block}<\/style>\t\t\t\t<p>Pagamento e Entrega<\/p><p>1) Efetue seus pagamentos em dinheiro na entrega, transfer\u00eancia banc\u00e1ria ou EFT (transfer\u00eancia eletr\u00f4nica de fundos)<\/p><p>Voc\u00ea pode pagar em nossa conta banc\u00e1ria Kuveyturk (TL)<\/p><p>2) Reembolso do pre\u00e7o do pedido<\/p><p>Caso seus pedidos sejam cancelados por poss\u00edveis motivos; Nossa empresa reembolsa o pre\u00e7o do produto em sua conta banc\u00e1ria no prazo de tr\u00eas dias \u00fateis. No entanto, voc\u00ea deve fornecer as informa\u00e7\u00f5es de sua conta banc\u00e1ria de forma precisa e completa \u00e0s autoridades financeiras de nossa empresa.<\/p><p>3) Entrega<\/p><p>N\u00f3s nos esfor\u00e7amos para entregar os produtos que voc\u00ea pediu no mesmo dia. Para produtos que demoram para serem fornecidos, o prazo de entrega da carga \u00e9 de 2 a 3 dias \u00fateis conforme indicado nos detalhes do produto.<\/p><p>Para que a entrega do produto seja realizada sem transtornos, informe o endere\u00e7o da sua localidade durante o dia como endere\u00e7o de entrega.<\/p><p>Os seus pedidos ser\u00e3o processados de acordo com o tipo de entrega que especificou no final da encomenda. Os produtos da nossa empresa com sede em Istambul ser\u00e3o enviados pela empresa de carga MNG. Uma vez aprovados seus pedidos, eles ser\u00e3o entregues \u00e0 transportadora em no m\u00e1ximo 2 (dois) dias \u00fateis.<\/p><p>Voc\u00ea pode discutir diferentes condi\u00e7\u00f5es de entrega consultando nosso representante do cliente.<\/p><p>4) Acompanhamento de pagamentos<\/p><p>Em caso de erro na morada indicada, o encomendante \u00e9 contactado relativamente \u00e0 encomenda que n\u00e3o pode ser entregue.<\/p><p>A validade do n\u00famero de telefone especificado pelo nosso visitante \u00e9 confirmada com o n\u00famero de telefone enviado ap\u00f3s a transfer\u00eancia do pedido.<\/p><p>Por favor, preste aten\u00e7\u00e3o!<\/p><p>Abra e verifique os pacotes que voc\u00ea acha que foram danificados durante o transporte na frente do representante da empresa de quem voc\u00ea os recebeu, ou tire uma foto do produto danificado e entregue \u00e0s pessoas autorizadas.<\/p><p>Se o produto estiver danificado: Bastar\u00e1 contactar-nos num curto espa\u00e7o de tempo atrav\u00e9s do 0212 935 01 02 ou 0542 550 36 00 e enviar a foto do produto \u00e0s pessoas autorizadas.<\/p><p>Se voc\u00ea concluir esses procedimentos, come\u00e7aremos a trabalhar na sua encomenda e garantiremos que a entrega seja repetida o mais r\u00e1pido poss\u00edvel.<\/p>\t\t\t\t\t\t<\/div>\n\t\t\t\t<\/div>\n\t\t\t\t\t<\/div>\n\t\t<\/div>\n\t\t\t\t\t<\/div>\n\t\t<\/section>\n\t\t\t\t\t<\/div>\n\t\t<\/div>\n\t\t\t\t\t<\/div>\n\t\t<\/section>\n\t\t\t\t<\/div>","protected":false},"excerpt":{"rendered":"<p>\u00d6deme ve Teslimat \u00d6deme ve Teslimat 1) \u00d6demelerinizi kap\u0131da nakit,Banka Havalesi veya EFT (Elektronik Fon Transferi) yaparak Kuveyturk banka hesab\u0131m\u0131za (TL)yapabilirsiniz 2) Sipari\u015f Bedeli \u0130adesi Sipari\u015flerinizin olas\u0131 sebeplerle iptali durumunda; \u015eirketimiz \u00fc\u00e7 i\u015f g\u00fcn\u00fc i\u00e7erisinde \u00fcr\u00fcn bedelini banka hesab\u0131n\u0131za iade eder. Ancak, banka hesap bilgilerinizi do\u011fru ve eksiksiz olarak \u015firketimiz finans yetkililerine bildirmeniz gerekmektedir. 3) [&hellip;]<\/p>","protected":false},"author":1,"featured_media":0,"parent":0,"menu_order":0,"comment_status":"closed","ping_status":"closed","template":"elementor_header_footer","meta":{"footnotes":""},"class_list":["post-307","page","type-page","status-publish","hentry"],"yoast_head":"<!-- This site is optimized with the Yoast SEO plugin v26.2 - https:\/\/yoast.com\/wordpress\/plugins\/seo\/ -->\n<title>\u00d6deme ve Teslimat - Konjac \u00c7ay<\/title>\n<meta name=\"description\" content=\"Konjac \u00c7ay - \u00d6deme ve Teslimat\" \/>\n<meta name=\"robots\" content=\"index, follow, max-snippet:-1, max-image-preview:large, max-video-preview:-1\" \/>\n<link rel=\"canonical\" href=\"https:\/\/konjaccay.com\/pt\/pagamento-e-entrega\/\" \/>\n<meta property=\"og:locale\" content=\"pt_PT\" \/>\n<meta property=\"og:type\" content=\"article\" \/>\n<meta property=\"og:title\" content=\"\u00d6deme ve Teslimat - Konjac \u00c7ay\" \/>\n<meta property=\"og:description\" content=\"Konjac \u00c7ay - \u00d6deme ve Teslimat\" \/>\n<meta property=\"og:url\" content=\"https:\/\/konjaccay.com\/pt\/pagamento-e-entrega\/\" \/>\n<meta property=\"og:site_name\" content=\"Konjac \u00c7ay\" \/>\n<meta property=\"article:modified_time\" content=\"2024-06-26T09:15:58+00:00\" \/>\n<meta name=\"twitter:card\" content=\"summary_large_image\" \/>\n<meta name=\"twitter:label1\" content=\"Tempo estimado de leitura\" \/>\n\t<meta name=\"twitter:data1\" content=\"5 minutos\" \/>\n<script type=\"application\/ld+json\" class=\"yoast-schema-graph\">{\"@context\":\"https:\/\/schema.org\",\"@graph\":[{\"@type\":\"WebPage\",\"@id\":\"https:\/\/konjaccay.com\/odeme-ve-teslimat\/\",\"url\":\"https:\/\/konjaccay.com\/odeme-ve-teslimat\/\",\"name\":\"\u00d6deme ve Teslimat - Konjac \u00c7ay\",\"isPartOf\":{\"@id\":\"https:\/\/konjaccay.com\/#website\"},\"datePublished\":\"2024-06-26T09:15:25+00:00\",\"dateModified\":\"2024-06-26T09:15:58+00:00\",\"description\":\"Konjac \u00c7ay - \u00d6deme ve Teslimat\",\"breadcrumb\":{\"@id\":\"https:\/\/konjaccay.com\/odeme-ve-teslimat\/#breadcrumb\"},\"inLanguage\":\"pt-PT\",\"potentialAction\":[{\"@type\":\"ReadAction\",\"target\":[\"https:\/\/konjaccay.com\/odeme-ve-teslimat\/\"]}]},{\"@type\":\"BreadcrumbList\",\"@id\":\"https:\/\/konjaccay.com\/odeme-ve-teslimat\/#breadcrumb\",\"itemListElement\":[{\"@type\":\"ListItem\",\"position\":1,\"name\":\"Anasayfa\",\"item\":\"https:\/\/konjaccay.com\/\"},{\"@type\":\"ListItem\",\"position\":2,\"name\":\"\u00d6deme ve Teslimat\"}]},{\"@type\":\"WebSite\",\"@id\":\"https:\/\/konjaccay.com\/#website\",\"url\":\"https:\/\/konjaccay.com\/\",\"name\":\"Konjac \u00c7ay\",\"description\":\"\",\"potentialAction\":[{\"@type\":\"SearchAction\",\"target\":{\"@type\":\"EntryPoint\",\"urlTemplate\":\"https:\/\/konjaccay.com\/?s={search_term_string}\"},\"query-input\":{\"@type\":\"PropertyValueSpecification\",\"valueRequired\":true,\"valueName\":\"search_term_string\"}}],\"inLanguage\":\"pt-PT\"}]}<\/script>\n<!-- \/ Yoast SEO plugin. -->","yoast_head_json":{"title":"\u00d6deme ve Teslimat - Konjac \u00c7ay","description":"Konjac \u00c7ay - \u00d6deme ve Teslimat","robots":{"index":"index","follow":"follow","max-snippet":"max-snippet:-1","max-image-preview":"max-image-preview:large","max-video-preview":"max-video-preview:-1"},"canonical":"https:\/\/konjaccay.com\/pt\/pagamento-e-entrega\/","og_locale":"pt_PT","og_type":"article","og_title":"\u00d6deme ve Teslimat - Konjac \u00c7ay","og_description":"Konjac \u00c7ay - \u00d6deme ve Teslimat","og_url":"https:\/\/konjaccay.com\/pt\/pagamento-e-entrega\/","og_site_name":"Konjac \u00c7ay","article_modified_time":"2024-06-26T09:15:58+00:00","twitter_card":"summary_large_image","twitter_misc":{"Tempo estimado de leitura":"5 minutos"},"schema":{"@context":"https:\/\/schema.org","@graph":[{"@type":"WebPage","@id":"https:\/\/konjaccay.com\/odeme-ve-teslimat\/","url":"https:\/\/konjaccay.com\/odeme-ve-teslimat\/","name":"\u00d6deme ve Teslimat - Konjac \u00c7ay","isPartOf":{"@id":"https:\/\/konjaccay.com\/#website"},"datePublished":"2024-06-26T09:15:25+00:00","dateModified":"2024-06-26T09:15:58+00:00","description":"Konjac \u00c7ay - \u00d6deme ve Teslimat","breadcrumb":{"@id":"https:\/\/konjaccay.com\/odeme-ve-teslimat\/#breadcrumb"},"inLanguage":"pt-PT","potentialAction":[{"@type":"ReadAction","target":["https:\/\/konjaccay.com\/odeme-ve-teslimat\/"]}]},{"@type":"BreadcrumbList","@id":"https:\/\/konjaccay.com\/odeme-ve-teslimat\/#breadcrumb","itemListElement":[{"@type":"ListItem","position":1,"name":"Anasayfa","item":"https:\/\/konjaccay.com\/"},{"@type":"ListItem","position":2,"name":"\u00d6deme ve Teslimat"}]},{"@type":"WebSite","@id":"https:\/\/konjaccay.com\/#website","url":"https:\/\/konjaccay.com\/","name":"Konjac \u00c7ay","description":"","potentialAction":[{"@type":"SearchAction","target":{"@type":"EntryPoint","urlTemplate":"https:\/\/konjaccay.com\/?s={search_term_string}"},"query-input":{"@type":"PropertyValueSpecification","valueRequired":true,"valueName":"search_term_string"}}],"inLanguage":"pt-PT"}]}},"_links":{"self":[{"href":"https:\/\/konjaccay.com\/pt\/wp-json\/wp\/v2\/pages\/307","targetHints":{"allow":["GET"]}}],"collection":[{"href":"https:\/\/konjaccay.com\/pt\/wp-json\/wp\/v2\/pages"}],"about":[{"href":"https:\/\/konjaccay.com\/pt\/wp-json\/wp\/v2\/types\/page"}],"author":[{"embeddable":true,"href":"https:\/\/konjaccay.com\/pt\/wp-json\/wp\/v2\/users\/1"}],"replies":[{"embeddable":true,"href":"https:\/\/konjaccay.com\/pt\/wp-json\/wp\/v2\/comments?post=307"}],"version-history":[{"count":4,"href":"https:\/\/konjaccay.com\/pt\/wp-json\/wp\/v2\/pages\/307\/revisions"}],"predecessor-version":[{"id":311,"href":"https:\/\/konjaccay.com\/pt\/wp-json\/wp\/v2\/pages\/307\/revisions\/311"}],"wp:attachment":[{"href":"https:\/\/konjaccay.com\/pt\/wp-json\/wp\/v2\/media?parent=307"}],"curies":[{"name":"wp","href":"https:\/\/api.w.org\/{rel}","templated":true}]}}