{"id":307,"date":"2024-06-26T12:15:25","date_gmt":"2024-06-26T09:15:25","guid":{"rendered":"http:\/\/koncaycay.test\/?page_id=307"},"modified":"2024-06-26T12:15:58","modified_gmt":"2024-06-26T09:15:58","slug":"odeme-ve-teslimat","status":"publish","type":"page","link":"https:\/\/konjaccay.com\/it\/pagamento-e-consegna\/","title":{"rendered":"Pagamento e consegna"},"content":{"rendered":"<div data-elementor-type=\"wp-page\" data-elementor-id=\"307\" class=\"elementor elementor-307\" data-elementor-post-type=\"page\">\n\t\t\t\t\t\t<section class=\"elementor-section elementor-top-section elementor-element elementor-element-fd54288 elementor-section-height-min-height elementor-section-content-middle elementor-section-boxed elementor-section-height-default elementor-section-items-middle\" data-id=\"fd54288\" data-element_type=\"section\" data-settings=\"{&quot;background_background&quot;:&quot;classic&quot;}\">\n\t\t\t\t\t\t<div class=\"elementor-container elementor-column-gap-default\">\n\t\t\t\t\t<div class=\"elementor-column elementor-col-100 elementor-top-column elementor-element elementor-element-d640c58\" data-id=\"d640c58\" data-element_type=\"column\">\n\t\t\t<div class=\"elementor-widget-wrap elementor-element-populated\">\n\t\t\t\t\t\t<div class=\"elementor-element elementor-element-48cef1c elementor-widget elementor-widget-heading\" data-id=\"48cef1c\" data-element_type=\"widget\" data-widget_type=\"heading.default\">\n\t\t\t\t<div class=\"elementor-widget-container\">\n\t\t\t<style>\/*! elementor - v3.22.0 - 17-06-2024 *\/\n.elementor-heading-title{padding:0;margin:0;line-height:1}.elementor-widget-heading .elementor-heading-title[class*=elementor-size-]>a{color:inherit;font-size:inherit;line-height:inherit}.elementor-widget-heading .elementor-heading-title.elementor-size-small{font-size:15px}.elementor-widget-heading .elementor-heading-title.elementor-size-medium{font-size:19px}.elementor-widget-heading .elementor-heading-title.elementor-size-large{font-size:29px}.elementor-widget-heading .elementor-heading-title.elementor-size-xl{font-size:39px}.elementor-widget-heading .elementor-heading-title.elementor-size-xxl{font-size:59px}<\/style><h2 class=\"elementor-heading-title elementor-size-default\">Pagamento e consegna<\/h2>\t\t<\/div>\n\t\t\t\t<\/div>\n\t\t\t\t<div class=\"elementor-element elementor-element-fb3a1c6 elementor-align-center elementor-widget elementor-widget-breadcrumbs\" data-id=\"fb3a1c6\" data-element_type=\"widget\" data-widget_type=\"breadcrumbs.default\">\n\t\t\t\t<div class=\"elementor-widget-container\">\n\t\t\t<link rel=\"stylesheet\" href=\"https:\/\/konjaccay.com\/wp-content\/plugins\/elementor-pro\/assets\/css\/widget-theme-elements.min.css\"><p id=\"breadcrumbs\"><span><span><a href=\"https:\/\/konjaccay.com\/it\/\">home page<\/a><\/span><\/span><\/p>\t\t<\/div>\n\t\t\t\t<\/div>\n\t\t\t\t\t<\/div>\n\t\t<\/div>\n\t\t\t\t\t<\/div>\n\t\t<\/section>\n\t\t\t\t<section class=\"elementor-section elementor-top-section elementor-element elementor-element-08f6f74 elementor-section-content-middle elementor-section-boxed elementor-section-height-default elementor-section-height-default\" data-id=\"08f6f74\" data-element_type=\"section\">\n\t\t\t\t\t\t<div class=\"elementor-container elementor-column-gap-default\">\n\t\t\t\t\t<div class=\"elementor-column elementor-col-100 elementor-top-column elementor-element elementor-element-236a49c\" data-id=\"236a49c\" data-element_type=\"column\">\n\t\t\t<div class=\"elementor-widget-wrap elementor-element-populated\">\n\t\t\t\t\t\t<div class=\"elementor-element elementor-element-1436753 elementor-widget elementor-widget-spacer\" data-id=\"1436753\" data-element_type=\"widget\" data-widget_type=\"spacer.default\">\n\t\t\t\t<div class=\"elementor-widget-container\">\n\t\t\t<style>\/*! elementor - v3.22.0 - 17-06-2024 *\/\n.elementor-column .elementor-spacer-inner{height:var(--spacer-size)}.e-con{--container-widget-width:100%}.e-con-inner>.elementor-widget-spacer,.e-con>.elementor-widget-spacer{width:var(--container-widget-width,var(--spacer-size));--align-self:var(--container-widget-align-self,initial);--flex-shrink:0}.e-con-inner>.elementor-widget-spacer>.elementor-widget-container,.e-con>.elementor-widget-spacer>.elementor-widget-container{height:100%;width:100%}.e-con-inner>.elementor-widget-spacer>.elementor-widget-container>.elementor-spacer,.e-con>.elementor-widget-spacer>.elementor-widget-container>.elementor-spacer{height:100%}.e-con-inner>.elementor-widget-spacer>.elementor-widget-container>.elementor-spacer>.elementor-spacer-inner,.e-con>.elementor-widget-spacer>.elementor-widget-container>.elementor-spacer>.elementor-spacer-inner{height:var(--container-widget-height,var(--spacer-size))}.e-con-inner>.elementor-widget-spacer.elementor-widget-empty,.e-con>.elementor-widget-spacer.elementor-widget-empty{position:relative;min-height:22px;min-width:22px}.e-con-inner>.elementor-widget-spacer.elementor-widget-empty .elementor-widget-empty-icon,.e-con>.elementor-widget-spacer.elementor-widget-empty .elementor-widget-empty-icon{position:absolute;top:0;bottom:0;left:0;right:0;margin:auto;padding:0;width:22px;height:22px}<\/style>\t\t<div class=\"elementor-spacer\">\n\t\t\t<div class=\"elementor-spacer-inner\"><\/div>\n\t\t<\/div>\n\t\t\t\t<\/div>\n\t\t\t\t<\/div>\n\t\t\t\t\t<\/div>\n\t\t<\/div>\n\t\t\t\t\t<\/div>\n\t\t<\/section>\n\t\t\t\t<section class=\"elementor-section elementor-top-section elementor-element elementor-element-58b3169 elementor-section-content-middle elementor-section-boxed elementor-section-height-default elementor-section-height-default\" data-id=\"58b3169\" data-element_type=\"section\">\n\t\t\t\t\t\t<div class=\"elementor-container elementor-column-gap-default\">\n\t\t\t\t\t<div class=\"elementor-column elementor-col-100 elementor-top-column elementor-element elementor-element-384ad9a\" data-id=\"384ad9a\" data-element_type=\"column\">\n\t\t\t<div class=\"elementor-widget-wrap elementor-element-populated\">\n\t\t\t\t\t\t<section class=\"elementor-section elementor-inner-section elementor-element elementor-element-a6593b8 elementor-section-content-middle elementor-section-boxed elementor-section-height-default elementor-section-height-default\" data-id=\"a6593b8\" data-element_type=\"section\">\n\t\t\t\t\t\t<div class=\"elementor-container elementor-column-gap-default\">\n\t\t\t\t\t<div class=\"elementor-column elementor-col-100 elementor-inner-column elementor-element elementor-element-06f6497\" data-id=\"06f6497\" data-element_type=\"column\">\n\t\t\t<div class=\"elementor-widget-wrap elementor-element-populated\">\n\t\t\t\t\t\t<div class=\"elementor-element elementor-element-47cd4aa elementor-widget elementor-widget-text-editor\" data-id=\"47cd4aa\" data-element_type=\"widget\" data-widget_type=\"text-editor.default\">\n\t\t\t\t<div class=\"elementor-widget-container\">\n\t\t\t<style>\/*! elementor - v3.22.0 - 17-06-2024 *\/\n.elementor-widget-text-editor.elementor-drop-cap-view-stacked .elementor-drop-cap{background-color:#69727d;color:#fff}.elementor-widget-text-editor.elementor-drop-cap-view-framed .elementor-drop-cap{color:#69727d;border:3px solid;background-color:transparent}.elementor-widget-text-editor:not(.elementor-drop-cap-view-default) .elementor-drop-cap{margin-top:8px}.elementor-widget-text-editor:not(.elementor-drop-cap-view-default) .elementor-drop-cap-letter{width:1em;height:1em}.elementor-widget-text-editor .elementor-drop-cap{float:left;text-align:center;line-height:1;font-size:50px}.elementor-widget-text-editor .elementor-drop-cap-letter{display:inline-block}<\/style>\t\t\t\t<p>Pagamento e consegna<\/p><p>1) Effettua i pagamenti in contrassegno, bonifico bancario o EFT (trasferimento elettronico di fondi)<\/p><p>Puoi pagare sul nostro conto bancario Kuveyturk (TL)<\/p><p>2) Rimborso del prezzo dell&#039;ordine<\/p><p>Nel caso in cui i tuoi ordini vengano annullati per possibili motivi; La nostra azienda rimborsa il prezzo del prodotto sul tuo conto bancario entro tre giorni lavorativi. Tuttavia, \u00e8 necessario fornire le informazioni del proprio conto bancario in modo accurato e completo alle autorit\u00e0 finanziarie della nostra azienda.<\/p><p>3) Consegna<\/p><p>Ci impegniamo a consegnare i prodotti che hai ordinato lo stesso giorno. Per i prodotti che richiedono tempo per la fornitura, il tempo di consegna del carico \u00e8 di 2-3 giorni lavorativi, come indicato nei dettagli del prodotto.<\/p><p>Affinch\u00e9 la consegna del prodotto avvenga senza interruzioni, ti preghiamo di fornire come indirizzo di consegna l&#039;indirizzo in cui ti trovi durante il giorno.<\/p><p>Le tue richieste verranno evase in base alla tipologia di consegna da te specificata al termine dell&#039;ordine. I prodotti della nostra azienda con sede a Istanbul verranno inviati dalla compagnia cargo MNG. Una volta approvati, i tuoi ordini verranno consegnati alla compagnia di trasporto al massimo entro 2 (due) giorni lavorativi.<\/p><p>\u00c8 possibile discutere diverse condizioni di consegna consultando il nostro rappresentante del cliente.<\/p><p>4) Monitoraggio dei pagamenti<\/p><p>In caso di errore all&#039;indirizzo specificato, l&#039;ordinante viene contattato in merito all&#039;ordine che non pu\u00f2 essere consegnato.<\/p><p>La validit\u00e0 del numero di telefono specificato dal nostro visitatore \u00e8 confermata dal numero di telefono inviato dopo il trasferimento dell&#039;ordine.<\/p><p>Per favore presta attenzione!<\/p><p>Apri e controlla i pacchi che ritieni siano stati danneggiati durante la spedizione davanti al rappresentante dell&#039;azienda da cui li hai ricevuti, oppure scatta una foto del prodotto danneggiato e consegnalo alle persone autorizzate.<\/p><p>Se il prodotto \u00e8 danneggiato: sar\u00e0 sufficiente contattarci al numero 0212 935 01 02 o 0542 550 36 00 entro breve tempo e inviare la foto del prodotto alle persone autorizzate.<\/p><p>Se completi queste procedure, inizieremo a lavorare sul tuo pacco e ci assicureremo che la consegna venga ripetuta il prima possibile.<\/p>\t\t\t\t\t\t<\/div>\n\t\t\t\t<\/div>\n\t\t\t\t\t<\/div>\n\t\t<\/div>\n\t\t\t\t\t<\/div>\n\t\t<\/section>\n\t\t\t\t\t<\/div>\n\t\t<\/div>\n\t\t\t\t\t<\/div>\n\t\t<\/section>\n\t\t\t\t<\/div>","protected":false},"excerpt":{"rendered":"<p>\u00d6deme ve Teslimat \u00d6deme ve Teslimat 1) \u00d6demelerinizi kap\u0131da nakit,Banka Havalesi veya EFT (Elektronik Fon Transferi) yaparak Kuveyturk banka hesab\u0131m\u0131za (TL)yapabilirsiniz 2) Sipari\u015f Bedeli \u0130adesi Sipari\u015flerinizin olas\u0131 sebeplerle iptali durumunda; \u015eirketimiz \u00fc\u00e7 i\u015f g\u00fcn\u00fc i\u00e7erisinde \u00fcr\u00fcn bedelini banka hesab\u0131n\u0131za iade eder. Ancak, banka hesap bilgilerinizi do\u011fru ve eksiksiz olarak \u015firketimiz finans yetkililerine bildirmeniz gerekmektedir. 3) [&hellip;]<\/p>","protected":false},"author":1,"featured_media":0,"parent":0,"menu_order":0,"comment_status":"closed","ping_status":"closed","template":"elementor_header_footer","meta":{"footnotes":""},"class_list":["post-307","page","type-page","status-publish","hentry"],"yoast_head":"<!-- This site is optimized with the Yoast SEO plugin v26.2 - https:\/\/yoast.com\/wordpress\/plugins\/seo\/ -->\n<title>\u00d6deme ve Teslimat - Konjac \u00c7ay<\/title>\n<meta name=\"description\" content=\"Konjac \u00c7ay - \u00d6deme ve Teslimat\" \/>\n<meta name=\"robots\" content=\"index, follow, max-snippet:-1, max-image-preview:large, max-video-preview:-1\" \/>\n<link rel=\"canonical\" href=\"https:\/\/konjaccay.com\/it\/pagamento-e-consegna\/\" \/>\n<meta property=\"og:locale\" content=\"it_IT\" \/>\n<meta property=\"og:type\" content=\"article\" \/>\n<meta property=\"og:title\" content=\"\u00d6deme ve Teslimat - Konjac \u00c7ay\" \/>\n<meta property=\"og:description\" content=\"Konjac \u00c7ay - \u00d6deme ve Teslimat\" \/>\n<meta property=\"og:url\" content=\"https:\/\/konjaccay.com\/it\/pagamento-e-consegna\/\" \/>\n<meta property=\"og:site_name\" content=\"Konjac \u00c7ay\" \/>\n<meta property=\"article:modified_time\" content=\"2024-06-26T09:15:58+00:00\" \/>\n<meta name=\"twitter:card\" content=\"summary_large_image\" \/>\n<meta name=\"twitter:label1\" content=\"Tempo di lettura stimato\" \/>\n\t<meta name=\"twitter:data1\" content=\"5 minuti\" \/>\n<script type=\"application\/ld+json\" class=\"yoast-schema-graph\">{\"@context\":\"https:\/\/schema.org\",\"@graph\":[{\"@type\":\"WebPage\",\"@id\":\"https:\/\/konjaccay.com\/odeme-ve-teslimat\/\",\"url\":\"https:\/\/konjaccay.com\/odeme-ve-teslimat\/\",\"name\":\"\u00d6deme ve Teslimat - Konjac \u00c7ay\",\"isPartOf\":{\"@id\":\"https:\/\/konjaccay.com\/#website\"},\"datePublished\":\"2024-06-26T09:15:25+00:00\",\"dateModified\":\"2024-06-26T09:15:58+00:00\",\"description\":\"Konjac \u00c7ay - \u00d6deme ve Teslimat\",\"breadcrumb\":{\"@id\":\"https:\/\/konjaccay.com\/odeme-ve-teslimat\/#breadcrumb\"},\"inLanguage\":\"it-IT\",\"potentialAction\":[{\"@type\":\"ReadAction\",\"target\":[\"https:\/\/konjaccay.com\/odeme-ve-teslimat\/\"]}]},{\"@type\":\"BreadcrumbList\",\"@id\":\"https:\/\/konjaccay.com\/odeme-ve-teslimat\/#breadcrumb\",\"itemListElement\":[{\"@type\":\"ListItem\",\"position\":1,\"name\":\"Anasayfa\",\"item\":\"https:\/\/konjaccay.com\/\"},{\"@type\":\"ListItem\",\"position\":2,\"name\":\"\u00d6deme ve Teslimat\"}]},{\"@type\":\"WebSite\",\"@id\":\"https:\/\/konjaccay.com\/#website\",\"url\":\"https:\/\/konjaccay.com\/\",\"name\":\"Konjac \u00c7ay\",\"description\":\"\",\"potentialAction\":[{\"@type\":\"SearchAction\",\"target\":{\"@type\":\"EntryPoint\",\"urlTemplate\":\"https:\/\/konjaccay.com\/?s={search_term_string}\"},\"query-input\":{\"@type\":\"PropertyValueSpecification\",\"valueRequired\":true,\"valueName\":\"search_term_string\"}}],\"inLanguage\":\"it-IT\"}]}<\/script>\n<!-- \/ Yoast SEO plugin. -->","yoast_head_json":{"title":"\u00d6deme ve Teslimat - Konjac \u00c7ay","description":"Konjac \u00c7ay - \u00d6deme ve Teslimat","robots":{"index":"index","follow":"follow","max-snippet":"max-snippet:-1","max-image-preview":"max-image-preview:large","max-video-preview":"max-video-preview:-1"},"canonical":"https:\/\/konjaccay.com\/it\/pagamento-e-consegna\/","og_locale":"it_IT","og_type":"article","og_title":"\u00d6deme ve Teslimat - Konjac \u00c7ay","og_description":"Konjac \u00c7ay - \u00d6deme ve Teslimat","og_url":"https:\/\/konjaccay.com\/it\/pagamento-e-consegna\/","og_site_name":"Konjac \u00c7ay","article_modified_time":"2024-06-26T09:15:58+00:00","twitter_card":"summary_large_image","twitter_misc":{"Tempo di lettura stimato":"5 minuti"},"schema":{"@context":"https:\/\/schema.org","@graph":[{"@type":"WebPage","@id":"https:\/\/konjaccay.com\/odeme-ve-teslimat\/","url":"https:\/\/konjaccay.com\/odeme-ve-teslimat\/","name":"\u00d6deme ve Teslimat - Konjac \u00c7ay","isPartOf":{"@id":"https:\/\/konjaccay.com\/#website"},"datePublished":"2024-06-26T09:15:25+00:00","dateModified":"2024-06-26T09:15:58+00:00","description":"Konjac \u00c7ay - \u00d6deme ve Teslimat","breadcrumb":{"@id":"https:\/\/konjaccay.com\/odeme-ve-teslimat\/#breadcrumb"},"inLanguage":"it-IT","potentialAction":[{"@type":"ReadAction","target":["https:\/\/konjaccay.com\/odeme-ve-teslimat\/"]}]},{"@type":"BreadcrumbList","@id":"https:\/\/konjaccay.com\/odeme-ve-teslimat\/#breadcrumb","itemListElement":[{"@type":"ListItem","position":1,"name":"Anasayfa","item":"https:\/\/konjaccay.com\/"},{"@type":"ListItem","position":2,"name":"\u00d6deme ve Teslimat"}]},{"@type":"WebSite","@id":"https:\/\/konjaccay.com\/#website","url":"https:\/\/konjaccay.com\/","name":"Konjac \u00c7ay","description":"","potentialAction":[{"@type":"SearchAction","target":{"@type":"EntryPoint","urlTemplate":"https:\/\/konjaccay.com\/?s={search_term_string}"},"query-input":{"@type":"PropertyValueSpecification","valueRequired":true,"valueName":"search_term_string"}}],"inLanguage":"it-IT"}]}},"_links":{"self":[{"href":"https:\/\/konjaccay.com\/it\/wp-json\/wp\/v2\/pages\/307","targetHints":{"allow":["GET"]}}],"collection":[{"href":"https:\/\/konjaccay.com\/it\/wp-json\/wp\/v2\/pages"}],"about":[{"href":"https:\/\/konjaccay.com\/it\/wp-json\/wp\/v2\/types\/page"}],"author":[{"embeddable":true,"href":"https:\/\/konjaccay.com\/it\/wp-json\/wp\/v2\/users\/1"}],"replies":[{"embeddable":true,"href":"https:\/\/konjaccay.com\/it\/wp-json\/wp\/v2\/comments?post=307"}],"version-history":[{"count":4,"href":"https:\/\/konjaccay.com\/it\/wp-json\/wp\/v2\/pages\/307\/revisions"}],"predecessor-version":[{"id":311,"href":"https:\/\/konjaccay.com\/it\/wp-json\/wp\/v2\/pages\/307\/revisions\/311"}],"wp:attachment":[{"href":"https:\/\/konjaccay.com\/it\/wp-json\/wp\/v2\/media?parent=307"}],"curies":[{"name":"wp","href":"https:\/\/api.w.org\/{rel}","templated":true}]}}