{"id":295,"date":"2024-06-26T12:11:57","date_gmt":"2024-06-26T09:11:57","guid":{"rendered":"http:\/\/koncaycay.test\/?page_id=295"},"modified":"2024-06-26T12:13:04","modified_gmt":"2024-06-26T09:13:04","slug":"gizlilik-ve-guvenlik","status":"publish","type":"page","link":"https:\/\/konjaccay.com\/it\/privacy-e-sicurezza\/","title":{"rendered":"Privacy e sicurezza"},"content":{"rendered":"<div data-elementor-type=\"wp-page\" data-elementor-id=\"295\" class=\"elementor elementor-295\" data-elementor-post-type=\"page\">\n\t\t\t\t\t\t<section class=\"elementor-section elementor-top-section elementor-element elementor-element-fd54288 elementor-section-height-min-height elementor-section-content-middle elementor-section-boxed elementor-section-height-default elementor-section-items-middle\" data-id=\"fd54288\" data-element_type=\"section\" data-settings=\"{&quot;background_background&quot;:&quot;classic&quot;}\">\n\t\t\t\t\t\t<div class=\"elementor-container elementor-column-gap-default\">\n\t\t\t\t\t<div class=\"elementor-column elementor-col-100 elementor-top-column elementor-element elementor-element-d640c58\" data-id=\"d640c58\" data-element_type=\"column\">\n\t\t\t<div class=\"elementor-widget-wrap elementor-element-populated\">\n\t\t\t\t\t\t<div class=\"elementor-element elementor-element-48cef1c elementor-widget elementor-widget-heading\" data-id=\"48cef1c\" data-element_type=\"widget\" data-widget_type=\"heading.default\">\n\t\t\t\t<div class=\"elementor-widget-container\">\n\t\t\t<style>\/*! elementor - v3.22.0 - 17-06-2024 *\/\n.elementor-heading-title{padding:0;margin:0;line-height:1}.elementor-widget-heading .elementor-heading-title[class*=elementor-size-]>a{color:inherit;font-size:inherit;line-height:inherit}.elementor-widget-heading .elementor-heading-title.elementor-size-small{font-size:15px}.elementor-widget-heading .elementor-heading-title.elementor-size-medium{font-size:19px}.elementor-widget-heading .elementor-heading-title.elementor-size-large{font-size:29px}.elementor-widget-heading .elementor-heading-title.elementor-size-xl{font-size:39px}.elementor-widget-heading .elementor-heading-title.elementor-size-xxl{font-size:59px}<\/style><h2 class=\"elementor-heading-title elementor-size-default\">Privacy e sicurezza<\/h2>\t\t<\/div>\n\t\t\t\t<\/div>\n\t\t\t\t<div class=\"elementor-element elementor-element-fb3a1c6 elementor-align-center elementor-widget elementor-widget-breadcrumbs\" data-id=\"fb3a1c6\" data-element_type=\"widget\" data-widget_type=\"breadcrumbs.default\">\n\t\t\t\t<div class=\"elementor-widget-container\">\n\t\t\t<link rel=\"stylesheet\" href=\"https:\/\/konjaccay.com\/wp-content\/plugins\/elementor-pro\/assets\/css\/widget-theme-elements.min.css\"><p id=\"breadcrumbs\"><span><span><a href=\"https:\/\/konjaccay.com\/it\/\">home page<\/a><\/span><\/span><\/p>\t\t<\/div>\n\t\t\t\t<\/div>\n\t\t\t\t\t<\/div>\n\t\t<\/div>\n\t\t\t\t\t<\/div>\n\t\t<\/section>\n\t\t\t\t<section class=\"elementor-section elementor-top-section elementor-element elementor-element-08f6f74 elementor-section-content-middle elementor-section-boxed elementor-section-height-default elementor-section-height-default\" data-id=\"08f6f74\" data-element_type=\"section\">\n\t\t\t\t\t\t<div class=\"elementor-container elementor-column-gap-default\">\n\t\t\t\t\t<div class=\"elementor-column elementor-col-100 elementor-top-column elementor-element elementor-element-236a49c\" data-id=\"236a49c\" data-element_type=\"column\">\n\t\t\t<div class=\"elementor-widget-wrap elementor-element-populated\">\n\t\t\t\t\t\t<div class=\"elementor-element elementor-element-1436753 elementor-widget elementor-widget-spacer\" data-id=\"1436753\" data-element_type=\"widget\" data-widget_type=\"spacer.default\">\n\t\t\t\t<div class=\"elementor-widget-container\">\n\t\t\t<style>\/*! elementor - v3.22.0 - 17-06-2024 *\/\n.elementor-column .elementor-spacer-inner{height:var(--spacer-size)}.e-con{--container-widget-width:100%}.e-con-inner>.elementor-widget-spacer,.e-con>.elementor-widget-spacer{width:var(--container-widget-width,var(--spacer-size));--align-self:var(--container-widget-align-self,initial);--flex-shrink:0}.e-con-inner>.elementor-widget-spacer>.elementor-widget-container,.e-con>.elementor-widget-spacer>.elementor-widget-container{height:100%;width:100%}.e-con-inner>.elementor-widget-spacer>.elementor-widget-container>.elementor-spacer,.e-con>.elementor-widget-spacer>.elementor-widget-container>.elementor-spacer{height:100%}.e-con-inner>.elementor-widget-spacer>.elementor-widget-container>.elementor-spacer>.elementor-spacer-inner,.e-con>.elementor-widget-spacer>.elementor-widget-container>.elementor-spacer>.elementor-spacer-inner{height:var(--container-widget-height,var(--spacer-size))}.e-con-inner>.elementor-widget-spacer.elementor-widget-empty,.e-con>.elementor-widget-spacer.elementor-widget-empty{position:relative;min-height:22px;min-width:22px}.e-con-inner>.elementor-widget-spacer.elementor-widget-empty .elementor-widget-empty-icon,.e-con>.elementor-widget-spacer.elementor-widget-empty .elementor-widget-empty-icon{position:absolute;top:0;bottom:0;left:0;right:0;margin:auto;padding:0;width:22px;height:22px}<\/style>\t\t<div class=\"elementor-spacer\">\n\t\t\t<div class=\"elementor-spacer-inner\"><\/div>\n\t\t<\/div>\n\t\t\t\t<\/div>\n\t\t\t\t<\/div>\n\t\t\t\t\t<\/div>\n\t\t<\/div>\n\t\t\t\t\t<\/div>\n\t\t<\/section>\n\t\t\t\t<section class=\"elementor-section elementor-top-section elementor-element elementor-element-58b3169 elementor-section-content-middle elementor-section-boxed elementor-section-height-default elementor-section-height-default\" data-id=\"58b3169\" data-element_type=\"section\">\n\t\t\t\t\t\t<div class=\"elementor-container elementor-column-gap-default\">\n\t\t\t\t\t<div class=\"elementor-column elementor-col-100 elementor-top-column elementor-element elementor-element-384ad9a\" data-id=\"384ad9a\" data-element_type=\"column\">\n\t\t\t<div class=\"elementor-widget-wrap elementor-element-populated\">\n\t\t\t\t\t\t<section class=\"elementor-section elementor-inner-section elementor-element elementor-element-a6593b8 elementor-section-content-middle elementor-section-boxed elementor-section-height-default elementor-section-height-default\" data-id=\"a6593b8\" data-element_type=\"section\">\n\t\t\t\t\t\t<div class=\"elementor-container elementor-column-gap-default\">\n\t\t\t\t\t<div class=\"elementor-column elementor-col-100 elementor-inner-column elementor-element elementor-element-06f6497\" data-id=\"06f6497\" data-element_type=\"column\">\n\t\t\t<div class=\"elementor-widget-wrap elementor-element-populated\">\n\t\t\t\t\t\t<div class=\"elementor-element elementor-element-47cd4aa elementor-widget elementor-widget-text-editor\" data-id=\"47cd4aa\" data-element_type=\"widget\" data-widget_type=\"text-editor.default\">\n\t\t\t\t<div class=\"elementor-widget-container\">\n\t\t\t<style>\/*! elementor - v3.22.0 - 17-06-2024 *\/\n.elementor-widget-text-editor.elementor-drop-cap-view-stacked .elementor-drop-cap{background-color:#69727d;color:#fff}.elementor-widget-text-editor.elementor-drop-cap-view-framed .elementor-drop-cap{color:#69727d;border:3px solid;background-color:transparent}.elementor-widget-text-editor:not(.elementor-drop-cap-view-default) .elementor-drop-cap{margin-top:8px}.elementor-widget-text-editor:not(.elementor-drop-cap-view-default) .elementor-drop-cap-letter{width:1em;height:1em}.elementor-widget-text-editor .elementor-drop-cap{float:left;text-align:center;line-height:1;font-size:50px}.elementor-widget-text-editor .elementor-drop-cap-letter{display:inline-block}<\/style>\t\t\t\t<p>POLITICA SULLA PRIVACY E SULLA SICUREZZA<\/p><p>Tutti i servizi e i servizi forniti nel nostro negozio sono forniti da Ni\u015fanta\u015f\u0131 Kozmetik \u015eti registrato all&#039;indirizzo Bah\u00e7elievler Istanbul. \u00c8 di propriet\u00e0 e gestito dalla nostra azienda.<\/p><p>La nostra azienda pu\u00f2 raccogliere dati personali per vari scopi. Di seguito viene indicato come e in che modo vengono raccolti i dati personali raccolti e come e in che modo tali dati vengono protetti.<\/p><p>Compilando vari moduli e sondaggi sulla nostra Iscrizione o sul nostro Negozio, alcune informazioni personali sui membri (come nome-cognome, informazioni sull&#039;azienda, telefono, indirizzo o indirizzi e-mail) vengono raccolte dal nostro Negozio a causa della natura dell&#039;attivit\u00e0 .<\/p><p>La nostra azienda pu\u00f2 talvolta inviare informazioni sulle campagne, informazioni sui nuovi prodotti e offerte promozionali ai propri clienti e membri. I nostri membri possono scegliere se ricevere o meno tali informazioni mentre diventano membri e, dopo aver effettuato l&#039;accesso, possono modificare questa scelta nella sezione informazioni sull&#039;account o effettuare una notifica tramite il collegamento nel messaggio informativo che ricevono.<\/p><p>Durante il processo di approvazione effettuato tramite il nostro negozio o via e-mail, le informazioni personali trasmesse elettronicamente al nostro negozio dai nostri membri non saranno divulgate a terzi tranne che per gli scopi e l&#039;ambito determinati dal &quot;Accordo con l&#039;utente&quot; che abbiamo stipulato con il nostro Membri.<\/p><p>La nostra azienda registra e utilizza gli indirizzi IP dei suoi membri al fine di identificare problemi legati al sistema e risolvere rapidamente eventuali problemi o controversie che potrebbero sorgere riguardo al servizio fornito. Gli indirizzi IP possono anche essere utilizzati per identificare in generale gli utenti e raccogliere informazioni demografiche generali.<\/p><p>La nostra azienda pu\u00f2 utilizzare le informazioni richieste per scopi di marketing diretto da sola o dai suoi collaboratori, oltre gli scopi e l&#039;ambito specificati nel Contratto di adesione. I dati personali potrebbero essere utilizzati anche per contattare l&#039;utente in caso di necessit\u00e0.<\/p><p>Informazioni richieste dalla nostra azienda o informazioni fornite dall&#039;utente o informazioni relative alle transazioni effettuate tramite il nostro Negozio; Pu\u00f2 essere utilizzato dalla nostra azienda e dai suoi collaboratori per varie valutazioni statistiche, creazione di database e ricerche di mercato, senza rivelare l&#039;identit\u00e0 dei nostri membri, al di fuori degli scopi e dell&#039;ambito determinati dal &quot;Contratto di adesione&quot;.<\/p><p>La nostra azienda si impegna a mantenere le informazioni riservate strettamente private e confidenziali, a considerarle un obbligo di riservatezza e a prendere tutte le precauzioni necessarie ed esercitare la dovuta attenzione per garantire e mantenere la riservatezza e per impedire che tutte o parte delle informazioni riservate diventino pubbliche dominio o uso non autorizzato o divulgazione a terzi promette di mostrare.<\/p><p>Oggi sono pi\u00f9 preferiti i siti di acquisti su Internet in cui sono indicate le righe informative o l&#039;indirizzo completo e le informazioni telefoniche. In questo modo, puoi ottenere informazioni dettagliate su tutti i problemi che ti vengono in mente e ottenere informazioni migliori sull&#039;affidabilit\u00e0 dell&#039;azienda che fornisce il servizio di shopping online.<\/p><p>Nota: ti consigliamo di prestare attenzione all&#039;indirizzo completo e al numero di telefono dell&#039;azienda sui siti di acquisti su Internet. Se hai intenzione di fare acquisti, prendi nota di tutte le informazioni di telefono\/indirizzo del negozio in cui hai acquistato il prodotto prima di effettuare l&#039;acquisto. Se non sei sicuro, conferma telefonicamente prima dell&#039;acquisto. Tutte le informazioni sulla nostra azienda e sulla sua ubicazione sono riportate su tutti i nostri siti di shopping online.<\/p><p>SITI WEB E APPLICAZIONI DI TERZE PARTI Il nostro negozio pu\u00f2 fornire collegamenti ad altri siti all&#039;interno del suo sito web. La nostra azienda non si assume alcuna responsabilit\u00e0 per le pratiche sulla privacy e il contenuto dei siti a cui si accede tramite questi collegamenti. Gli annunci pubblicati sul sito della nostra azienda vengono distribuiti ai nostri utenti tramite i nostri partner commerciali pubblicitari. I principi dell&#039;informativa sulla privacy contenuti nel presente accordo si applicano solo all&#039;uso del nostro Negozio e non coprono i siti Web di terzi.<\/p><p>CASI ECCEZIONALI Nei casi limitati indicati di seguito, la nostra Societ\u00e0 pu\u00f2 divulgare le informazioni dell&#039;utente a terzi al di fuori delle disposizioni della presente &quot;Informativa sulla privacy&quot;. Queste situazioni sono in numero limitato;<\/p><p>1. Per ottemperare agli obblighi imposti dalle norme di legge emanate e vigenti dall&#039;Autorit\u00e0 Giudiziaria competente, quali Legge, Decreti Legge, Regolamento, ecc.;<\/p><p>2.Per soddisfare i requisiti del &quot;Contratto di adesione&quot; e di altri accordi conclusi dal nostro negozio con gli utenti e metterli in pratica;<\/p><p>3. Richiedere informazioni sugli utenti ai fini dello svolgimento di ricerche o indagini debitamente svolte dall&#039;autorit\u00e0 amministrativa e giudiziaria competente;<\/p><p>4. Nei casi in cui sia necessario fornire informazioni per proteggere i diritti o la sicurezza degli utenti.<\/p><p>SICUREZZA EMAIL Non annotare mai il numero della tua carta di credito o le password nelle e-mail che invii al Servizio Clienti del nostro negozio in merito ai tuoi ordini. Le informazioni contenute nelle e-mail potrebbero essere visualizzate da terzi. La nostra azienda non pu\u00f2 garantire in nessun caso la sicurezza delle informazioni trasferite dalle vostre e-mail.<\/p><p>COOKIE DEL BROWSER La nostra azienda pu\u00f2 ottenere informazioni sugli utenti che visitano il nostro negozio e sul loro utilizzo del sito web utilizzando un file di comunicazione tecnica (Cookie). I file di comunicazione tecnica in questione sono piccoli file di testo che un sito web invia al browser dell&#039;utente per essere archiviati nella memoria principale. Il file di comunicazione tecnica facilita l&#039;uso di Internet memorizzando lo stato e le preferenze sul sito.<\/p><p>Il file di comunicazione tecnica aiuta a ottenere informazioni statistiche su quante persone visitano il sito, per quale scopo, quante volte una persona visita il sito e per quanto tempo rimane sul sito, e a produrre dinamicamente pubblicit\u00e0 e contenuti da pagine utente appositamente progettate per gli utenti.<\/p><p>Il file di comunicazione tecnica non \u00e8 progettato per recuperare dati o altre informazioni personali dalla memoria principale o dalla tua posta elettronica. La maggior parte dei browser sono inizialmente progettati per accettare file di comunicazione tecnica, ma gli utenti possono modificare le impostazioni in modo che il file di comunicazione tecnica non venga ricevuto o venga visualizzato un avviso quando viene inviato il file di comunicazione tecnica.<\/p><p>La nostra azienda potr\u00e0 modificare le disposizioni della presente &quot;Privacy Policy&quot; in qualsiasi momento pubblicandola sul sito o inviando e-mail agli utenti o pubblicandola sul sito. Se le disposizioni della Privacy Policy cambiano, entreranno in vigore alla data di pubblicazione.<\/p><p>Per qualsiasi domanda e suggerimento riguardante la nostra politica sulla privacy, puoi contattarci tramite le informazioni di contatto della nostra azienda riportate di seguito.<\/p><p>Titolo dell&#039;azienda: N\u0130\u015eANTA\u015eI COSMETICS<\/p><p>Indirizzo: Bah\u00e7alievler \/ Istanbul<\/p><p>Tel:0212 935 01 02 \/ +90 542 550 36 00<\/p>\t\t\t\t\t\t<\/div>\n\t\t\t\t<\/div>\n\t\t\t\t\t<\/div>\n\t\t<\/div>\n\t\t\t\t\t<\/div>\n\t\t<\/section>\n\t\t\t\t\t<\/div>\n\t\t<\/div>\n\t\t\t\t\t<\/div>\n\t\t<\/section>\n\t\t\t\t<\/div>","protected":false},"excerpt":{"rendered":"<p>Gizlilik ve G\u00fcvenlik G\u0130ZL\u0130L\u0130K VE G\u00dcVENL\u0130K POL\u0130T\u0130KASI Ma\u011fazam\u0131zda verilen t\u00fcm servisler ve hizmetler , bah\u00e7elievler istanbul adresinde kay\u0131tl\u0131 Ni\u015fanta\u015f\u0131 Kozmetik \u015eti. firmam\u0131za aittir ve firmam\u0131z taraf\u0131ndan i\u015fletilir. Firmam\u0131z, \u00e7e\u015fitli ama\u00e7larla ki\u015fisel veriler toplayabilir. A\u015fa\u011f\u0131da, toplanan ki\u015fisel verilerin nas\u0131l ve ne \u015fekilde topland\u0131\u011f\u0131, bu verilerin nas\u0131l ve ne \u015fekilde korundu\u011fu belirtilmi\u015ftir. \u00dcyelik veya Ma\u011fazam\u0131z \u00fczerindeki \u00e7e\u015fitli [&hellip;]<\/p>","protected":false},"author":1,"featured_media":0,"parent":0,"menu_order":0,"comment_status":"closed","ping_status":"closed","template":"elementor_header_footer","meta":{"footnotes":""},"class_list":["post-295","page","type-page","status-publish","hentry"],"yoast_head":"<!-- This site is optimized with the Yoast SEO plugin v26.2 - https:\/\/yoast.com\/wordpress\/plugins\/seo\/ -->\n<title>Gizlilik ve G\u00fcvenlik - Konjac \u00c7ay<\/title>\n<meta name=\"description\" content=\"Konjac \u00c7ay - Gizlilik ve G\u00fcvenlik\" \/>\n<meta name=\"robots\" content=\"index, follow, max-snippet:-1, max-image-preview:large, max-video-preview:-1\" \/>\n<link rel=\"canonical\" href=\"https:\/\/konjaccay.com\/it\/privacy-e-sicurezza\/\" \/>\n<meta property=\"og:locale\" content=\"it_IT\" \/>\n<meta property=\"og:type\" content=\"article\" \/>\n<meta property=\"og:title\" content=\"Gizlilik ve G\u00fcvenlik - Konjac \u00c7ay\" \/>\n<meta property=\"og:description\" content=\"Konjac \u00c7ay - Gizlilik ve G\u00fcvenlik\" \/>\n<meta property=\"og:url\" content=\"https:\/\/konjaccay.com\/it\/privacy-e-sicurezza\/\" \/>\n<meta property=\"og:site_name\" content=\"Konjac \u00c7ay\" \/>\n<meta property=\"article:modified_time\" content=\"2024-06-26T09:13:04+00:00\" \/>\n<meta name=\"twitter:card\" content=\"summary_large_image\" \/>\n<meta name=\"twitter:label1\" content=\"Tempo di lettura stimato\" \/>\n\t<meta name=\"twitter:data1\" content=\"5 minuti\" \/>\n<script type=\"application\/ld+json\" class=\"yoast-schema-graph\">{\"@context\":\"https:\/\/schema.org\",\"@graph\":[{\"@type\":\"WebPage\",\"@id\":\"https:\/\/konjaccay.com\/gizlilik-ve-guvenlik\/\",\"url\":\"https:\/\/konjaccay.com\/gizlilik-ve-guvenlik\/\",\"name\":\"Gizlilik ve G\u00fcvenlik - Konjac \u00c7ay\",\"isPartOf\":{\"@id\":\"https:\/\/konjaccay.com\/#website\"},\"datePublished\":\"2024-06-26T09:11:57+00:00\",\"dateModified\":\"2024-06-26T09:13:04+00:00\",\"description\":\"Konjac \u00c7ay - Gizlilik ve G\u00fcvenlik\",\"breadcrumb\":{\"@id\":\"https:\/\/konjaccay.com\/gizlilik-ve-guvenlik\/#breadcrumb\"},\"inLanguage\":\"it-IT\",\"potentialAction\":[{\"@type\":\"ReadAction\",\"target\":[\"https:\/\/konjaccay.com\/gizlilik-ve-guvenlik\/\"]}]},{\"@type\":\"BreadcrumbList\",\"@id\":\"https:\/\/konjaccay.com\/gizlilik-ve-guvenlik\/#breadcrumb\",\"itemListElement\":[{\"@type\":\"ListItem\",\"position\":1,\"name\":\"Anasayfa\",\"item\":\"https:\/\/konjaccay.com\/\"},{\"@type\":\"ListItem\",\"position\":2,\"name\":\"Gizlilik ve G\u00fcvenlik\"}]},{\"@type\":\"WebSite\",\"@id\":\"https:\/\/konjaccay.com\/#website\",\"url\":\"https:\/\/konjaccay.com\/\",\"name\":\"Konjac \u00c7ay\",\"description\":\"\",\"potentialAction\":[{\"@type\":\"SearchAction\",\"target\":{\"@type\":\"EntryPoint\",\"urlTemplate\":\"https:\/\/konjaccay.com\/?s={search_term_string}\"},\"query-input\":{\"@type\":\"PropertyValueSpecification\",\"valueRequired\":true,\"valueName\":\"search_term_string\"}}],\"inLanguage\":\"it-IT\"}]}<\/script>\n<!-- \/ Yoast SEO plugin. -->","yoast_head_json":{"title":"Gizlilik ve G\u00fcvenlik - Konjac \u00c7ay","description":"Konjac \u00c7ay - Gizlilik ve G\u00fcvenlik","robots":{"index":"index","follow":"follow","max-snippet":"max-snippet:-1","max-image-preview":"max-image-preview:large","max-video-preview":"max-video-preview:-1"},"canonical":"https:\/\/konjaccay.com\/it\/privacy-e-sicurezza\/","og_locale":"it_IT","og_type":"article","og_title":"Gizlilik ve G\u00fcvenlik - Konjac \u00c7ay","og_description":"Konjac \u00c7ay - Gizlilik ve G\u00fcvenlik","og_url":"https:\/\/konjaccay.com\/it\/privacy-e-sicurezza\/","og_site_name":"Konjac \u00c7ay","article_modified_time":"2024-06-26T09:13:04+00:00","twitter_card":"summary_large_image","twitter_misc":{"Tempo di lettura stimato":"5 minuti"},"schema":{"@context":"https:\/\/schema.org","@graph":[{"@type":"WebPage","@id":"https:\/\/konjaccay.com\/gizlilik-ve-guvenlik\/","url":"https:\/\/konjaccay.com\/gizlilik-ve-guvenlik\/","name":"Gizlilik ve G\u00fcvenlik - Konjac \u00c7ay","isPartOf":{"@id":"https:\/\/konjaccay.com\/#website"},"datePublished":"2024-06-26T09:11:57+00:00","dateModified":"2024-06-26T09:13:04+00:00","description":"Konjac \u00c7ay - Gizlilik ve G\u00fcvenlik","breadcrumb":{"@id":"https:\/\/konjaccay.com\/gizlilik-ve-guvenlik\/#breadcrumb"},"inLanguage":"it-IT","potentialAction":[{"@type":"ReadAction","target":["https:\/\/konjaccay.com\/gizlilik-ve-guvenlik\/"]}]},{"@type":"BreadcrumbList","@id":"https:\/\/konjaccay.com\/gizlilik-ve-guvenlik\/#breadcrumb","itemListElement":[{"@type":"ListItem","position":1,"name":"Anasayfa","item":"https:\/\/konjaccay.com\/"},{"@type":"ListItem","position":2,"name":"Gizlilik ve G\u00fcvenlik"}]},{"@type":"WebSite","@id":"https:\/\/konjaccay.com\/#website","url":"https:\/\/konjaccay.com\/","name":"Konjac \u00c7ay","description":"","potentialAction":[{"@type":"SearchAction","target":{"@type":"EntryPoint","urlTemplate":"https:\/\/konjaccay.com\/?s={search_term_string}"},"query-input":{"@type":"PropertyValueSpecification","valueRequired":true,"valueName":"search_term_string"}}],"inLanguage":"it-IT"}]}},"_links":{"self":[{"href":"https:\/\/konjaccay.com\/it\/wp-json\/wp\/v2\/pages\/295","targetHints":{"allow":["GET"]}}],"collection":[{"href":"https:\/\/konjaccay.com\/it\/wp-json\/wp\/v2\/pages"}],"about":[{"href":"https:\/\/konjaccay.com\/it\/wp-json\/wp\/v2\/types\/page"}],"author":[{"embeddable":true,"href":"https:\/\/konjaccay.com\/it\/wp-json\/wp\/v2\/users\/1"}],"replies":[{"embeddable":true,"href":"https:\/\/konjaccay.com\/it\/wp-json\/wp\/v2\/comments?post=295"}],"version-history":[{"count":4,"href":"https:\/\/konjaccay.com\/it\/wp-json\/wp\/v2\/pages\/295\/revisions"}],"predecessor-version":[{"id":299,"href":"https:\/\/konjaccay.com\/it\/wp-json\/wp\/v2\/pages\/295\/revisions\/299"}],"wp:attachment":[{"href":"https:\/\/konjaccay.com\/it\/wp-json\/wp\/v2\/media?parent=295"}],"curies":[{"name":"wp","href":"https:\/\/api.w.org\/{rel}","templated":true}]}}