{"id":295,"date":"2024-06-26T12:11:57","date_gmt":"2024-06-26T09:11:57","guid":{"rendered":"http:\/\/koncaycay.test\/?page_id=295"},"modified":"2024-06-26T12:13:04","modified_gmt":"2024-06-26T09:13:04","slug":"gizlilik-ve-guvenlik","status":"publish","type":"page","link":"https:\/\/konjaccay.com\/es\/privacidad-y-seguridad\/","title":{"rendered":"Privacidad y seguridad"},"content":{"rendered":"<div data-elementor-type=\"wp-page\" data-elementor-id=\"295\" class=\"elementor elementor-295\" data-elementor-post-type=\"page\">\n\t\t\t\t\t\t<section class=\"elementor-section elementor-top-section elementor-element elementor-element-fd54288 elementor-section-height-min-height elementor-section-content-middle elementor-section-boxed elementor-section-height-default elementor-section-items-middle\" data-id=\"fd54288\" data-element_type=\"section\" data-settings=\"{&quot;background_background&quot;:&quot;classic&quot;}\">\n\t\t\t\t\t\t<div class=\"elementor-container elementor-column-gap-default\">\n\t\t\t\t\t<div class=\"elementor-column elementor-col-100 elementor-top-column elementor-element elementor-element-d640c58\" data-id=\"d640c58\" data-element_type=\"column\">\n\t\t\t<div class=\"elementor-widget-wrap elementor-element-populated\">\n\t\t\t\t\t\t<div class=\"elementor-element elementor-element-48cef1c elementor-widget elementor-widget-heading\" data-id=\"48cef1c\" data-element_type=\"widget\" data-widget_type=\"heading.default\">\n\t\t\t\t<div class=\"elementor-widget-container\">\n\t\t\t<style>\/*! elementor - v3.22.0 - 17-06-2024 *\/\n.elementor-heading-title{padding:0;margin:0;line-height:1}.elementor-widget-heading .elementor-heading-title[class*=elementor-size-]>a{color:inherit;font-size:inherit;line-height:inherit}.elementor-widget-heading .elementor-heading-title.elementor-size-small{font-size:15px}.elementor-widget-heading .elementor-heading-title.elementor-size-medium{font-size:19px}.elementor-widget-heading .elementor-heading-title.elementor-size-large{font-size:29px}.elementor-widget-heading .elementor-heading-title.elementor-size-xl{font-size:39px}.elementor-widget-heading .elementor-heading-title.elementor-size-xxl{font-size:59px}<\/style><h2 class=\"elementor-heading-title elementor-size-default\">Privacidad y seguridad<\/h2>\t\t<\/div>\n\t\t\t\t<\/div>\n\t\t\t\t<div class=\"elementor-element elementor-element-fb3a1c6 elementor-align-center elementor-widget elementor-widget-breadcrumbs\" data-id=\"fb3a1c6\" data-element_type=\"widget\" data-widget_type=\"breadcrumbs.default\">\n\t\t\t\t<div class=\"elementor-widget-container\">\n\t\t\t<link rel=\"stylesheet\" href=\"https:\/\/konjaccay.com\/wp-content\/plugins\/elementor-pro\/assets\/css\/widget-theme-elements.min.css\"><p id=\"breadcrumbs\"><span><span><a href=\"https:\/\/konjaccay.com\/es\/\">p\u00e1gina principal<\/a><\/span><\/span><\/p>\t\t<\/div>\n\t\t\t\t<\/div>\n\t\t\t\t\t<\/div>\n\t\t<\/div>\n\t\t\t\t\t<\/div>\n\t\t<\/section>\n\t\t\t\t<section class=\"elementor-section elementor-top-section elementor-element elementor-element-08f6f74 elementor-section-content-middle elementor-section-boxed elementor-section-height-default elementor-section-height-default\" data-id=\"08f6f74\" data-element_type=\"section\">\n\t\t\t\t\t\t<div class=\"elementor-container elementor-column-gap-default\">\n\t\t\t\t\t<div class=\"elementor-column elementor-col-100 elementor-top-column elementor-element elementor-element-236a49c\" data-id=\"236a49c\" data-element_type=\"column\">\n\t\t\t<div class=\"elementor-widget-wrap elementor-element-populated\">\n\t\t\t\t\t\t<div class=\"elementor-element elementor-element-1436753 elementor-widget elementor-widget-spacer\" data-id=\"1436753\" data-element_type=\"widget\" data-widget_type=\"spacer.default\">\n\t\t\t\t<div class=\"elementor-widget-container\">\n\t\t\t<style>\/*! elementor - v3.22.0 - 17-06-2024 *\/\n.elementor-column .elementor-spacer-inner{height:var(--spacer-size)}.e-con{--container-widget-width:100%}.e-con-inner>.elementor-widget-spacer,.e-con>.elementor-widget-spacer{width:var(--container-widget-width,var(--spacer-size));--align-self:var(--container-widget-align-self,initial);--flex-shrink:0}.e-con-inner>.elementor-widget-spacer>.elementor-widget-container,.e-con>.elementor-widget-spacer>.elementor-widget-container{height:100%;width:100%}.e-con-inner>.elementor-widget-spacer>.elementor-widget-container>.elementor-spacer,.e-con>.elementor-widget-spacer>.elementor-widget-container>.elementor-spacer{height:100%}.e-con-inner>.elementor-widget-spacer>.elementor-widget-container>.elementor-spacer>.elementor-spacer-inner,.e-con>.elementor-widget-spacer>.elementor-widget-container>.elementor-spacer>.elementor-spacer-inner{height:var(--container-widget-height,var(--spacer-size))}.e-con-inner>.elementor-widget-spacer.elementor-widget-empty,.e-con>.elementor-widget-spacer.elementor-widget-empty{position:relative;min-height:22px;min-width:22px}.e-con-inner>.elementor-widget-spacer.elementor-widget-empty .elementor-widget-empty-icon,.e-con>.elementor-widget-spacer.elementor-widget-empty .elementor-widget-empty-icon{position:absolute;top:0;bottom:0;left:0;right:0;margin:auto;padding:0;width:22px;height:22px}<\/style>\t\t<div class=\"elementor-spacer\">\n\t\t\t<div class=\"elementor-spacer-inner\"><\/div>\n\t\t<\/div>\n\t\t\t\t<\/div>\n\t\t\t\t<\/div>\n\t\t\t\t\t<\/div>\n\t\t<\/div>\n\t\t\t\t\t<\/div>\n\t\t<\/section>\n\t\t\t\t<section class=\"elementor-section elementor-top-section elementor-element elementor-element-58b3169 elementor-section-content-middle elementor-section-boxed elementor-section-height-default elementor-section-height-default\" data-id=\"58b3169\" data-element_type=\"section\">\n\t\t\t\t\t\t<div class=\"elementor-container elementor-column-gap-default\">\n\t\t\t\t\t<div class=\"elementor-column elementor-col-100 elementor-top-column elementor-element elementor-element-384ad9a\" data-id=\"384ad9a\" data-element_type=\"column\">\n\t\t\t<div class=\"elementor-widget-wrap elementor-element-populated\">\n\t\t\t\t\t\t<section class=\"elementor-section elementor-inner-section elementor-element elementor-element-a6593b8 elementor-section-content-middle elementor-section-boxed elementor-section-height-default elementor-section-height-default\" data-id=\"a6593b8\" data-element_type=\"section\">\n\t\t\t\t\t\t<div class=\"elementor-container elementor-column-gap-default\">\n\t\t\t\t\t<div class=\"elementor-column elementor-col-100 elementor-inner-column elementor-element elementor-element-06f6497\" data-id=\"06f6497\" data-element_type=\"column\">\n\t\t\t<div class=\"elementor-widget-wrap elementor-element-populated\">\n\t\t\t\t\t\t<div class=\"elementor-element elementor-element-47cd4aa elementor-widget elementor-widget-text-editor\" data-id=\"47cd4aa\" data-element_type=\"widget\" data-widget_type=\"text-editor.default\">\n\t\t\t\t<div class=\"elementor-widget-container\">\n\t\t\t<style>\/*! elementor - v3.22.0 - 17-06-2024 *\/\n.elementor-widget-text-editor.elementor-drop-cap-view-stacked .elementor-drop-cap{background-color:#69727d;color:#fff}.elementor-widget-text-editor.elementor-drop-cap-view-framed .elementor-drop-cap{color:#69727d;border:3px solid;background-color:transparent}.elementor-widget-text-editor:not(.elementor-drop-cap-view-default) .elementor-drop-cap{margin-top:8px}.elementor-widget-text-editor:not(.elementor-drop-cap-view-default) .elementor-drop-cap-letter{width:1em;height:1em}.elementor-widget-text-editor .elementor-drop-cap{float:left;text-align:center;line-height:1;font-size:50px}.elementor-widget-text-editor .elementor-drop-cap-letter{display:inline-block}<\/style>\t\t\t\t<p>POL\u00cdTICA DE PRIVACIDAD Y SEGURIDAD<\/p><p>Todos los servicios y servicios proporcionados en nuestra tienda son proporcionados por Ni\u015fanta\u015f\u0131 Kozmetik \u015eti registrado en la direcci\u00f3n de Bah\u00e7elievler Estambul. Es propiedad y est\u00e1 operado por nuestra empresa.<\/p><p>Nuestra empresa puede recopilar datos personales para diversos fines. A continuaci\u00f3n se indica c\u00f3mo y de qu\u00e9 manera se recogen los datos personales recogidos, y c\u00f3mo y de qu\u00e9 manera se protegen estos datos.<\/p><p>Al completar varios formularios y encuestas en nuestra Membres\u00eda o Tienda, nuestra Tienda recopila cierta informaci\u00f3n personal sobre los miembros (como nombre-apellido, informaci\u00f3n de la empresa, tel\u00e9fono, direcci\u00f3n o direcciones de correo electr\u00f3nico) debido a la naturaleza del negocio. .<\/p><p>En ocasiones, nuestra empresa puede enviar informaci\u00f3n de campa\u00f1as, informaci\u00f3n sobre nuevos productos y ofertas promocionales a sus clientes y miembros. Nuestros miembros pueden elegir si desean recibir o no dicha informaci\u00f3n mientras se convierten en miembros y luego, despu\u00e9s de iniciar sesi\u00f3n, pueden cambiar esta opci\u00f3n en la secci\u00f3n de informaci\u00f3n de la cuenta o realizar una notificaci\u00f3n a trav\u00e9s del enlace en el mensaje de informaci\u00f3n que reciben.<\/p><p>Durante el proceso de aprobaci\u00f3n llevado a cabo a trav\u00e9s de nuestra tienda o por correo electr\u00f3nico, la informaci\u00f3n personal transmitida electr\u00f3nicamente a nuestra tienda por nuestros miembros no ser\u00e1 divulgada a terceros excepto para los prop\u00f3sitos y alcance determinados por el &quot;Acuerdo de Usuario&quot; que hemos celebrado con nuestro Miembros.<\/p><p>Nuestra empresa registra y utiliza las direcciones IP de sus miembros con el fin de identificar problemas relacionados con el sistema y resolver r\u00e1pidamente cualquier problema o disputa que pueda surgir con respecto al servicio prestado. Las direcciones IP tambi\u00e9n se pueden utilizar para identificar a los usuarios en general y recopilar informaci\u00f3n demogr\u00e1fica amplia.<\/p><p>Nuestra empresa podr\u00e1 utilizar la informaci\u00f3n solicitada con fines de marketing directo por s\u00ed misma o por sus colaboradores, m\u00e1s all\u00e1 de los fines y alcance especificados en el Acuerdo de Membres\u00eda. La informaci\u00f3n personal tambi\u00e9n podr\u00e1 utilizarse para contactar al usuario cuando sea necesario.<\/p><p>Informaci\u00f3n solicitada por nuestra empresa o informaci\u00f3n proporcionada por el usuario o informaci\u00f3n sobre transacciones realizadas a trav\u00e9s de nuestra Tienda; Puede ser utilizado por nuestra empresa y sus colaboradores para diversas evaluaciones estad\u00edsticas, creaci\u00f3n de bases de datos e investigaciones de mercado, sin revelar la identidad de nuestros miembros, fuera de los fines y alcances determinados por el &quot;Acuerdo de Membres\u00eda&quot;.<\/p><p>Nuestra empresa se esfuerza por mantener la informaci\u00f3n confidencial estrictamente privada y confidencial, considerar esto como una obligaci\u00f3n de confidencialidad y tomar todas las precauciones necesarias y ejercer el debido cuidado para garantizar y mantener la confidencialidad y evitar que toda o parte de la informaci\u00f3n confidencial llegue al p\u00fablico. dominio o uso o divulgaci\u00f3n no autorizados a un tercero promete mostrar.<\/p><p>Hoy en d\u00eda son m\u00e1s preferidos los sitios de compras por Internet donde se indican las l\u00edneas de informaci\u00f3n o la direcci\u00f3n completa y la informaci\u00f3n telef\u00f3nica. De esta manera, podr\u00e1s obtener informaci\u00f3n detallada sobre todos los temas que te vienen a la mente y obtener una mejor informaci\u00f3n sobre la confiabilidad de la empresa que brinda el servicio de compras en l\u00ednea.<\/p><p>Nota: Le recomendamos que preste atenci\u00f3n a la direcci\u00f3n completa y al n\u00famero de tel\u00e9fono de la empresa en los sitios de compras por Internet. Si vas a comprar, toma nota de todos los datos de tel\u00e9fono\/direcci\u00f3n de la tienda donde adquiriste el producto antes de realizar tu compra. Si no est\u00e1 seguro, confirme por tel\u00e9fono antes de comprar. Toda la informaci\u00f3n sobre nuestra empresa y su ubicaci\u00f3n se encuentra en todos nuestros sitios de compras en l\u00ednea.<\/p><p>SITIOS WEB Y APLICACIONES DE TERCEROS Nuestra tienda puede proporcionar enlaces a otros sitios dentro de su sitio web. Nuestra empresa no asume ninguna responsabilidad por las pr\u00e1cticas de privacidad y el contenido de los sitios a los que se accede a trav\u00e9s de estos enlaces. Los anuncios publicados en el sitio de nuestra empresa se distribuyen a nuestros usuarios a trav\u00e9s de nuestros socios comerciales de publicidad. Los Principios de la Pol\u00edtica de Privacidad de este acuerdo se aplican \u00fanicamente al uso de nuestra Tienda y no cubren sitios web de terceros.<\/p><p>CASOS EXCEPCIONALES En los casos limitados que se indican a continuaci\u00f3n, nuestra Compa\u00f1\u00eda puede revelar informaci\u00f3n del usuario a terceros fuera de las disposiciones de esta &quot;Pol\u00edtica de Privacidad&quot;. Estas situaciones son limitadas en n\u00famero;<\/p><p>1. Cumplir con las obligaciones que imponen las normas jur\u00eddicas dictadas y vigentes por la autoridad judicial competente, tales como Ley, Decreto Ley, Reglamento, etc.;<\/p><p>2. Para cumplir con los requisitos del &quot;Acuerdo de Membres\u00eda&quot; y otros acuerdos celebrados por nuestra tienda con los usuarios y ponerlos en pr\u00e1ctica;<\/p><p>3. Solicitar informaci\u00f3n sobre los usuarios con el fin de realizar una investigaci\u00f3n o investigaci\u00f3n debidamente realizada por la autoridad administrativa y judicial competente;<\/p><p>4. En los casos en que sea necesario proporcionar informaci\u00f3n para proteger los derechos o la seguridad de los usuarios.<\/p><p>SEGURIDAD DEL CORREO ELECTR\u00d3NICO Nunca anote su n\u00famero de tarjeta de cr\u00e9dito o contrase\u00f1as en los correos electr\u00f3nicos que env\u00ede al Servicio de Atenci\u00f3n al Cliente de nuestra tienda con respecto a cualquiera de sus pedidos. La informaci\u00f3n contenida en los correos electr\u00f3nicos puede ser vista por terceros. Nuestra empresa no puede garantizar la seguridad de la informaci\u00f3n transferida desde sus correos electr\u00f3nicos bajo ninguna circunstancia.<\/p><p>COOKIES DEL NAVEGADOR Nuestra empresa puede obtener informaci\u00f3n sobre los usuarios que visitan nuestra tienda y su uso del sitio web mediante la utilizaci\u00f3n de un fichero de comunicaci\u00f3n t\u00e9cnica (Cookie). Los ficheros de comunicaciones t\u00e9cnicas en cuesti\u00f3n son peque\u00f1os archivos de texto que un sitio web env\u00eda al navegador del usuario para ser almacenado en la memoria principal. El fichero de comunicaci\u00f3n t\u00e9cnica facilita el uso de Internet almacenando estados y preferencias sobre el sitio.<\/p><p>El archivo de comunicaci\u00f3n t\u00e9cnica ayuda a obtener informaci\u00f3n estad\u00edstica sobre cu\u00e1ntas personas visitan el sitio, con qu\u00e9 prop\u00f3sito, cu\u00e1ntas veces una persona visita el sitio y cu\u00e1nto tiempo permanece en el sitio, y a producir din\u00e1micamente anuncios y contenido a partir de p\u00e1ginas de usuario especialmente dise\u00f1adas. para los usuarios.<\/p><p>El fichero de comunicaci\u00f3n t\u00e9cnica no est\u00e1 dise\u00f1ado para recuperar datos o cualquier otra informaci\u00f3n personal de la memoria principal o de su correo electr\u00f3nico. La mayor\u00eda de los navegadores est\u00e1n dise\u00f1ados inicialmente para aceptar archivos de comunicaci\u00f3n t\u00e9cnica, pero los usuarios pueden cambiar la configuraci\u00f3n para que no se reciba el archivo de comunicaci\u00f3n t\u00e9cnica o se muestre una advertencia cuando se env\u00ede el archivo de comunicaci\u00f3n t\u00e9cnica.<\/p><p>Nuestra empresa puede cambiar las disposiciones de esta &quot;Pol\u00edtica de Privacidad&quot; en cualquier momento public\u00e1ndola en el sitio o enviando un correo electr\u00f3nico a los usuarios o public\u00e1ndola en el sitio. Si las disposiciones de la Pol\u00edtica de Privacidad cambian, entrar\u00e1 en vigor en la fecha de su publicaci\u00f3n.<\/p><p>Si tiene preguntas y sugerencias sobre nuestra pol\u00edtica de privacidad, puede comunicarse con nosotros a trav\u00e9s de la informaci\u00f3n de contacto de nuestra empresa a continuaci\u00f3n.<\/p><p>T\u00edtulo de la empresa: N\u0130\u015eANTA\u015eI COSMETICS<\/p><p>Direcci\u00f3n: Bah\u00e7alievler \/ Estambul<\/p><p>Tel:0212 935 01 02 \/ +90 542 550 36 00<\/p>\t\t\t\t\t\t<\/div>\n\t\t\t\t<\/div>\n\t\t\t\t\t<\/div>\n\t\t<\/div>\n\t\t\t\t\t<\/div>\n\t\t<\/section>\n\t\t\t\t\t<\/div>\n\t\t<\/div>\n\t\t\t\t\t<\/div>\n\t\t<\/section>\n\t\t\t\t<\/div>","protected":false},"excerpt":{"rendered":"<p>Gizlilik ve G\u00fcvenlik G\u0130ZL\u0130L\u0130K VE G\u00dcVENL\u0130K POL\u0130T\u0130KASI Ma\u011fazam\u0131zda verilen t\u00fcm servisler ve hizmetler , bah\u00e7elievler istanbul adresinde kay\u0131tl\u0131 Ni\u015fanta\u015f\u0131 Kozmetik \u015eti. firmam\u0131za aittir ve firmam\u0131z taraf\u0131ndan i\u015fletilir. Firmam\u0131z, \u00e7e\u015fitli ama\u00e7larla ki\u015fisel veriler toplayabilir. A\u015fa\u011f\u0131da, toplanan ki\u015fisel verilerin nas\u0131l ve ne \u015fekilde topland\u0131\u011f\u0131, bu verilerin nas\u0131l ve ne \u015fekilde korundu\u011fu belirtilmi\u015ftir. \u00dcyelik veya Ma\u011fazam\u0131z \u00fczerindeki \u00e7e\u015fitli [&hellip;]<\/p>","protected":false},"author":1,"featured_media":0,"parent":0,"menu_order":0,"comment_status":"closed","ping_status":"closed","template":"elementor_header_footer","meta":{"footnotes":""},"class_list":["post-295","page","type-page","status-publish","hentry"],"yoast_head":"<!-- This site is optimized with the Yoast SEO plugin v26.2 - https:\/\/yoast.com\/wordpress\/plugins\/seo\/ -->\n<title>Gizlilik ve G\u00fcvenlik - Konjac \u00c7ay<\/title>\n<meta name=\"description\" content=\"Konjac \u00c7ay - Gizlilik ve G\u00fcvenlik\" \/>\n<meta name=\"robots\" content=\"index, follow, max-snippet:-1, max-image-preview:large, max-video-preview:-1\" \/>\n<link rel=\"canonical\" href=\"https:\/\/konjaccay.com\/es\/privacidad-y-seguridad\/\" \/>\n<meta property=\"og:locale\" content=\"es_ES\" \/>\n<meta property=\"og:type\" content=\"article\" \/>\n<meta property=\"og:title\" content=\"Gizlilik ve G\u00fcvenlik - Konjac \u00c7ay\" \/>\n<meta property=\"og:description\" content=\"Konjac \u00c7ay - Gizlilik ve G\u00fcvenlik\" \/>\n<meta property=\"og:url\" content=\"https:\/\/konjaccay.com\/es\/privacidad-y-seguridad\/\" \/>\n<meta property=\"og:site_name\" content=\"Konjac \u00c7ay\" \/>\n<meta property=\"article:modified_time\" content=\"2024-06-26T09:13:04+00:00\" \/>\n<meta name=\"twitter:card\" content=\"summary_large_image\" \/>\n<meta name=\"twitter:label1\" content=\"Tiempo de lectura\" \/>\n\t<meta name=\"twitter:data1\" content=\"5 minutos\" \/>\n<script type=\"application\/ld+json\" class=\"yoast-schema-graph\">{\"@context\":\"https:\/\/schema.org\",\"@graph\":[{\"@type\":\"WebPage\",\"@id\":\"https:\/\/konjaccay.com\/gizlilik-ve-guvenlik\/\",\"url\":\"https:\/\/konjaccay.com\/gizlilik-ve-guvenlik\/\",\"name\":\"Gizlilik ve G\u00fcvenlik - Konjac \u00c7ay\",\"isPartOf\":{\"@id\":\"https:\/\/konjaccay.com\/#website\"},\"datePublished\":\"2024-06-26T09:11:57+00:00\",\"dateModified\":\"2024-06-26T09:13:04+00:00\",\"description\":\"Konjac \u00c7ay - Gizlilik ve G\u00fcvenlik\",\"breadcrumb\":{\"@id\":\"https:\/\/konjaccay.com\/gizlilik-ve-guvenlik\/#breadcrumb\"},\"inLanguage\":\"es\",\"potentialAction\":[{\"@type\":\"ReadAction\",\"target\":[\"https:\/\/konjaccay.com\/gizlilik-ve-guvenlik\/\"]}]},{\"@type\":\"BreadcrumbList\",\"@id\":\"https:\/\/konjaccay.com\/gizlilik-ve-guvenlik\/#breadcrumb\",\"itemListElement\":[{\"@type\":\"ListItem\",\"position\":1,\"name\":\"Anasayfa\",\"item\":\"https:\/\/konjaccay.com\/\"},{\"@type\":\"ListItem\",\"position\":2,\"name\":\"Gizlilik ve G\u00fcvenlik\"}]},{\"@type\":\"WebSite\",\"@id\":\"https:\/\/konjaccay.com\/#website\",\"url\":\"https:\/\/konjaccay.com\/\",\"name\":\"Konjac \u00c7ay\",\"description\":\"\",\"potentialAction\":[{\"@type\":\"SearchAction\",\"target\":{\"@type\":\"EntryPoint\",\"urlTemplate\":\"https:\/\/konjaccay.com\/?s={search_term_string}\"},\"query-input\":{\"@type\":\"PropertyValueSpecification\",\"valueRequired\":true,\"valueName\":\"search_term_string\"}}],\"inLanguage\":\"es\"}]}<\/script>\n<!-- \/ Yoast SEO plugin. -->","yoast_head_json":{"title":"Gizlilik ve G\u00fcvenlik - Konjac \u00c7ay","description":"Konjac \u00c7ay - Gizlilik ve G\u00fcvenlik","robots":{"index":"index","follow":"follow","max-snippet":"max-snippet:-1","max-image-preview":"max-image-preview:large","max-video-preview":"max-video-preview:-1"},"canonical":"https:\/\/konjaccay.com\/es\/privacidad-y-seguridad\/","og_locale":"es_ES","og_type":"article","og_title":"Gizlilik ve G\u00fcvenlik - Konjac \u00c7ay","og_description":"Konjac \u00c7ay - Gizlilik ve G\u00fcvenlik","og_url":"https:\/\/konjaccay.com\/es\/privacidad-y-seguridad\/","og_site_name":"Konjac \u00c7ay","article_modified_time":"2024-06-26T09:13:04+00:00","twitter_card":"summary_large_image","twitter_misc":{"Tiempo de lectura":"5 minutos"},"schema":{"@context":"https:\/\/schema.org","@graph":[{"@type":"WebPage","@id":"https:\/\/konjaccay.com\/gizlilik-ve-guvenlik\/","url":"https:\/\/konjaccay.com\/gizlilik-ve-guvenlik\/","name":"Gizlilik ve G\u00fcvenlik - Konjac \u00c7ay","isPartOf":{"@id":"https:\/\/konjaccay.com\/#website"},"datePublished":"2024-06-26T09:11:57+00:00","dateModified":"2024-06-26T09:13:04+00:00","description":"Konjac \u00c7ay - Gizlilik ve G\u00fcvenlik","breadcrumb":{"@id":"https:\/\/konjaccay.com\/gizlilik-ve-guvenlik\/#breadcrumb"},"inLanguage":"es","potentialAction":[{"@type":"ReadAction","target":["https:\/\/konjaccay.com\/gizlilik-ve-guvenlik\/"]}]},{"@type":"BreadcrumbList","@id":"https:\/\/konjaccay.com\/gizlilik-ve-guvenlik\/#breadcrumb","itemListElement":[{"@type":"ListItem","position":1,"name":"Anasayfa","item":"https:\/\/konjaccay.com\/"},{"@type":"ListItem","position":2,"name":"Gizlilik ve G\u00fcvenlik"}]},{"@type":"WebSite","@id":"https:\/\/konjaccay.com\/#website","url":"https:\/\/konjaccay.com\/","name":"Konjac \u00c7ay","description":"","potentialAction":[{"@type":"SearchAction","target":{"@type":"EntryPoint","urlTemplate":"https:\/\/konjaccay.com\/?s={search_term_string}"},"query-input":{"@type":"PropertyValueSpecification","valueRequired":true,"valueName":"search_term_string"}}],"inLanguage":"es"}]}},"_links":{"self":[{"href":"https:\/\/konjaccay.com\/es\/wp-json\/wp\/v2\/pages\/295","targetHints":{"allow":["GET"]}}],"collection":[{"href":"https:\/\/konjaccay.com\/es\/wp-json\/wp\/v2\/pages"}],"about":[{"href":"https:\/\/konjaccay.com\/es\/wp-json\/wp\/v2\/types\/page"}],"author":[{"embeddable":true,"href":"https:\/\/konjaccay.com\/es\/wp-json\/wp\/v2\/users\/1"}],"replies":[{"embeddable":true,"href":"https:\/\/konjaccay.com\/es\/wp-json\/wp\/v2\/comments?post=295"}],"version-history":[{"count":4,"href":"https:\/\/konjaccay.com\/es\/wp-json\/wp\/v2\/pages\/295\/revisions"}],"predecessor-version":[{"id":299,"href":"https:\/\/konjaccay.com\/es\/wp-json\/wp\/v2\/pages\/295\/revisions\/299"}],"wp:attachment":[{"href":"https:\/\/konjaccay.com\/es\/wp-json\/wp\/v2\/media?parent=295"}],"curies":[{"name":"wp","href":"https:\/\/api.w.org\/{rel}","templated":true}]}}