{"id":307,"date":"2024-06-26T12:15:25","date_gmt":"2024-06-26T09:15:25","guid":{"rendered":"http:\/\/koncaycay.test\/?page_id=307"},"modified":"2024-06-26T12:15:58","modified_gmt":"2024-06-26T09:15:58","slug":"odeme-ve-teslimat","status":"publish","type":"page","link":"https:\/\/konjaccay.com\/en\/payment-and-delivery\/","title":{"rendered":"Payment and Delivery"},"content":{"rendered":"<div data-elementor-type=\"wp-page\" data-elementor-id=\"307\" class=\"elementor elementor-307\" data-elementor-post-type=\"page\">\n\t\t\t\t\t\t<section class=\"elementor-section elementor-top-section elementor-element elementor-element-fd54288 elementor-section-height-min-height elementor-section-content-middle elementor-section-boxed elementor-section-height-default elementor-section-items-middle\" data-id=\"fd54288\" data-element_type=\"section\" data-settings=\"{&quot;background_background&quot;:&quot;classic&quot;}\">\n\t\t\t\t\t\t<div class=\"elementor-container elementor-column-gap-default\">\n\t\t\t\t\t<div class=\"elementor-column elementor-col-100 elementor-top-column elementor-element elementor-element-d640c58\" data-id=\"d640c58\" data-element_type=\"column\">\n\t\t\t<div class=\"elementor-widget-wrap elementor-element-populated\">\n\t\t\t\t\t\t<div class=\"elementor-element elementor-element-48cef1c elementor-widget elementor-widget-heading\" data-id=\"48cef1c\" data-element_type=\"widget\" data-widget_type=\"heading.default\">\n\t\t\t\t<div class=\"elementor-widget-container\">\n\t\t\t<style>\/*! elementor - v3.22.0 - 17-06-2024 *\/\n.elementor-heading-title{padding:0;margin:0;line-height:1}.elementor-widget-heading .elementor-heading-title[class*=elementor-size-]>a{color:inherit;font-size:inherit;line-height:inherit}.elementor-widget-heading .elementor-heading-title.elementor-size-small{font-size:15px}.elementor-widget-heading .elementor-heading-title.elementor-size-medium{font-size:19px}.elementor-widget-heading .elementor-heading-title.elementor-size-large{font-size:29px}.elementor-widget-heading .elementor-heading-title.elementor-size-xl{font-size:39px}.elementor-widget-heading .elementor-heading-title.elementor-size-xxl{font-size:59px}<\/style><h2 class=\"elementor-heading-title elementor-size-default\">Payment and Delivery<\/h2>\t\t<\/div>\n\t\t\t\t<\/div>\n\t\t\t\t<div class=\"elementor-element elementor-element-fb3a1c6 elementor-align-center elementor-widget elementor-widget-breadcrumbs\" data-id=\"fb3a1c6\" data-element_type=\"widget\" data-widget_type=\"breadcrumbs.default\">\n\t\t\t\t<div class=\"elementor-widget-container\">\n\t\t\t<link rel=\"stylesheet\" href=\"https:\/\/konjaccay.com\/wp-content\/plugins\/elementor-pro\/assets\/css\/widget-theme-elements.min.css\"><p id=\"breadcrumbs\"><span><span><a href=\"https:\/\/konjaccay.com\/en\/\">Home Page<\/a><\/span><\/span><\/p>\t\t<\/div>\n\t\t\t\t<\/div>\n\t\t\t\t\t<\/div>\n\t\t<\/div>\n\t\t\t\t\t<\/div>\n\t\t<\/section>\n\t\t\t\t<section class=\"elementor-section elementor-top-section elementor-element elementor-element-08f6f74 elementor-section-content-middle elementor-section-boxed elementor-section-height-default elementor-section-height-default\" data-id=\"08f6f74\" data-element_type=\"section\">\n\t\t\t\t\t\t<div class=\"elementor-container elementor-column-gap-default\">\n\t\t\t\t\t<div class=\"elementor-column elementor-col-100 elementor-top-column elementor-element elementor-element-236a49c\" data-id=\"236a49c\" data-element_type=\"column\">\n\t\t\t<div class=\"elementor-widget-wrap elementor-element-populated\">\n\t\t\t\t\t\t<div class=\"elementor-element elementor-element-1436753 elementor-widget elementor-widget-spacer\" data-id=\"1436753\" data-element_type=\"widget\" data-widget_type=\"spacer.default\">\n\t\t\t\t<div class=\"elementor-widget-container\">\n\t\t\t<style>\/*! elementor - v3.22.0 - 17-06-2024 *\/\n.elementor-column .elementor-spacer-inner{height:var(--spacer-size)}.e-con{--container-widget-width:100%}.e-con-inner>.elementor-widget-spacer,.e-con>.elementor-widget-spacer{width:var(--container-widget-width,var(--spacer-size));--align-self:var(--container-widget-align-self,initial);--flex-shrink:0}.e-con-inner>.elementor-widget-spacer>.elementor-widget-container,.e-con>.elementor-widget-spacer>.elementor-widget-container{height:100%;width:100%}.e-con-inner>.elementor-widget-spacer>.elementor-widget-container>.elementor-spacer,.e-con>.elementor-widget-spacer>.elementor-widget-container>.elementor-spacer{height:100%}.e-con-inner>.elementor-widget-spacer>.elementor-widget-container>.elementor-spacer>.elementor-spacer-inner,.e-con>.elementor-widget-spacer>.elementor-widget-container>.elementor-spacer>.elementor-spacer-inner{height:var(--container-widget-height,var(--spacer-size))}.e-con-inner>.elementor-widget-spacer.elementor-widget-empty,.e-con>.elementor-widget-spacer.elementor-widget-empty{position:relative;min-height:22px;min-width:22px}.e-con-inner>.elementor-widget-spacer.elementor-widget-empty .elementor-widget-empty-icon,.e-con>.elementor-widget-spacer.elementor-widget-empty .elementor-widget-empty-icon{position:absolute;top:0;bottom:0;left:0;right:0;margin:auto;padding:0;width:22px;height:22px}<\/style>\t\t<div class=\"elementor-spacer\">\n\t\t\t<div class=\"elementor-spacer-inner\"><\/div>\n\t\t<\/div>\n\t\t\t\t<\/div>\n\t\t\t\t<\/div>\n\t\t\t\t\t<\/div>\n\t\t<\/div>\n\t\t\t\t\t<\/div>\n\t\t<\/section>\n\t\t\t\t<section class=\"elementor-section elementor-top-section elementor-element elementor-element-58b3169 elementor-section-content-middle elementor-section-boxed elementor-section-height-default elementor-section-height-default\" data-id=\"58b3169\" data-element_type=\"section\">\n\t\t\t\t\t\t<div class=\"elementor-container elementor-column-gap-default\">\n\t\t\t\t\t<div class=\"elementor-column elementor-col-100 elementor-top-column elementor-element elementor-element-384ad9a\" data-id=\"384ad9a\" data-element_type=\"column\">\n\t\t\t<div class=\"elementor-widget-wrap elementor-element-populated\">\n\t\t\t\t\t\t<section class=\"elementor-section elementor-inner-section elementor-element elementor-element-a6593b8 elementor-section-content-middle elementor-section-boxed elementor-section-height-default elementor-section-height-default\" data-id=\"a6593b8\" data-element_type=\"section\">\n\t\t\t\t\t\t<div class=\"elementor-container elementor-column-gap-default\">\n\t\t\t\t\t<div class=\"elementor-column elementor-col-100 elementor-inner-column elementor-element elementor-element-06f6497\" data-id=\"06f6497\" data-element_type=\"column\">\n\t\t\t<div class=\"elementor-widget-wrap elementor-element-populated\">\n\t\t\t\t\t\t<div class=\"elementor-element elementor-element-47cd4aa elementor-widget elementor-widget-text-editor\" data-id=\"47cd4aa\" data-element_type=\"widget\" data-widget_type=\"text-editor.default\">\n\t\t\t\t<div class=\"elementor-widget-container\">\n\t\t\t<style>\/*! elementor - v3.22.0 - 17-06-2024 *\/\n.elementor-widget-text-editor.elementor-drop-cap-view-stacked .elementor-drop-cap{background-color:#69727d;color:#fff}.elementor-widget-text-editor.elementor-drop-cap-view-framed .elementor-drop-cap{color:#69727d;border:3px solid;background-color:transparent}.elementor-widget-text-editor:not(.elementor-drop-cap-view-default) .elementor-drop-cap{margin-top:8px}.elementor-widget-text-editor:not(.elementor-drop-cap-view-default) .elementor-drop-cap-letter{width:1em;height:1em}.elementor-widget-text-editor .elementor-drop-cap{float:left;text-align:center;line-height:1;font-size:50px}.elementor-widget-text-editor .elementor-drop-cap-letter{display:inline-block}<\/style>\t\t\t\t<p>Payment and Delivery<\/p><p>1) You can make your payments by cash on delivery, bank transfer or EFT (Electronic Funds Transfer).<\/p><p>You can make it to our Kuveyturk bank account (TL)<\/p><p>2) Order Price Refund<\/p><p>In case of cancellation of your orders due to possible reasons; Our company will refund the product price to your bank account within three business days. However, you must provide your bank account information accurately and completely to our company&#039;s financial authorities.<\/p><p>3) Delivery<\/p><p>We strive to deliver the products you have ordered on the same day. For products that take time to be delivered, the cargo delivery time is 2-3 business days as stated in the product details.<\/p><p>In order for the product delivery to be carried out without any delay, please provide the address of your location as the delivery address during the day.<\/p><p>Your requests will be processed to be prepared according to the delivery type you have determined at the end of the order. Products from our Istanbul-based company will be sent with MNG cargo company. After your orders are approved, they will be delivered to the Cargo company within 2 (two) business days at the latest.<\/p><p>You can discuss different delivery terms by consulting our customer representative.<\/p><p>4) Payment Tracking<\/p><p>In case of any error at the specified address, the orderer will be contacted regarding the order that could not be delivered.<\/p><p>The validity of the telephone number specified by our visitor is confirmed by the telephone number sent following the transfer of the order.<\/p><p>Please pay attention!<\/p><p>Open and check the packages that you think were damaged during shipment in front of the authorized person of the company you received the delivery from, or take a photo of the damaged product and deliver it to the authorized persons.<\/p><p>If the product is damaged: It will be sufficient to contact us at 0212 935 01 02 or 0542 550 36 00 within a short time and send the photo of the product to the authorized persons.<\/p><p>If you complete these procedures, we will start working on your package and ensure that the delivery is repeated as soon as possible.<\/p>\t\t\t\t\t\t<\/div>\n\t\t\t\t<\/div>\n\t\t\t\t\t<\/div>\n\t\t<\/div>\n\t\t\t\t\t<\/div>\n\t\t<\/section>\n\t\t\t\t\t<\/div>\n\t\t<\/div>\n\t\t\t\t\t<\/div>\n\t\t<\/section>\n\t\t\t\t<\/div>","protected":false},"excerpt":{"rendered":"<p>\u00d6deme ve Teslimat \u00d6deme ve Teslimat 1) \u00d6demelerinizi kap\u0131da nakit,Banka Havalesi veya EFT (Elektronik Fon Transferi) yaparak Kuveyturk banka hesab\u0131m\u0131za (TL)yapabilirsiniz 2) Sipari\u015f Bedeli \u0130adesi Sipari\u015flerinizin olas\u0131 sebeplerle iptali durumunda; \u015eirketimiz \u00fc\u00e7 i\u015f g\u00fcn\u00fc i\u00e7erisinde \u00fcr\u00fcn bedelini banka hesab\u0131n\u0131za iade eder. Ancak, banka hesap bilgilerinizi do\u011fru ve eksiksiz olarak \u015firketimiz finans yetkililerine bildirmeniz gerekmektedir. 3) [&hellip;]<\/p>","protected":false},"author":1,"featured_media":0,"parent":0,"menu_order":0,"comment_status":"closed","ping_status":"closed","template":"elementor_header_footer","meta":{"footnotes":""},"class_list":["post-307","page","type-page","status-publish","hentry"],"yoast_head":"<!-- This site is optimized with the Yoast SEO plugin v26.2 - https:\/\/yoast.com\/wordpress\/plugins\/seo\/ -->\n<title>\u00d6deme ve Teslimat - Konjac \u00c7ay<\/title>\n<meta name=\"description\" content=\"Konjac \u00c7ay - \u00d6deme ve Teslimat\" \/>\n<meta name=\"robots\" content=\"index, follow, max-snippet:-1, max-image-preview:large, max-video-preview:-1\" \/>\n<link rel=\"canonical\" href=\"https:\/\/konjaccay.com\/en\/payment-and-delivery\/\" \/>\n<meta property=\"og:locale\" content=\"en_US\" \/>\n<meta property=\"og:type\" content=\"article\" \/>\n<meta property=\"og:title\" content=\"\u00d6deme ve Teslimat - Konjac \u00c7ay\" \/>\n<meta property=\"og:description\" content=\"Konjac \u00c7ay - \u00d6deme ve Teslimat\" \/>\n<meta property=\"og:url\" content=\"https:\/\/konjaccay.com\/en\/payment-and-delivery\/\" \/>\n<meta property=\"og:site_name\" content=\"Konjac \u00c7ay\" \/>\n<meta property=\"article:modified_time\" content=\"2024-06-26T09:15:58+00:00\" \/>\n<meta name=\"twitter:card\" content=\"summary_large_image\" \/>\n<meta name=\"twitter:label1\" content=\"Est. reading time\" \/>\n\t<meta name=\"twitter:data1\" content=\"5 minutes\" \/>\n<script type=\"application\/ld+json\" class=\"yoast-schema-graph\">{\"@context\":\"https:\/\/schema.org\",\"@graph\":[{\"@type\":\"WebPage\",\"@id\":\"https:\/\/konjaccay.com\/odeme-ve-teslimat\/\",\"url\":\"https:\/\/konjaccay.com\/odeme-ve-teslimat\/\",\"name\":\"\u00d6deme ve Teslimat - Konjac \u00c7ay\",\"isPartOf\":{\"@id\":\"https:\/\/konjaccay.com\/#website\"},\"datePublished\":\"2024-06-26T09:15:25+00:00\",\"dateModified\":\"2024-06-26T09:15:58+00:00\",\"description\":\"Konjac \u00c7ay - \u00d6deme ve Teslimat\",\"breadcrumb\":{\"@id\":\"https:\/\/konjaccay.com\/odeme-ve-teslimat\/#breadcrumb\"},\"inLanguage\":\"en-US\",\"potentialAction\":[{\"@type\":\"ReadAction\",\"target\":[\"https:\/\/konjaccay.com\/odeme-ve-teslimat\/\"]}]},{\"@type\":\"BreadcrumbList\",\"@id\":\"https:\/\/konjaccay.com\/odeme-ve-teslimat\/#breadcrumb\",\"itemListElement\":[{\"@type\":\"ListItem\",\"position\":1,\"name\":\"Anasayfa\",\"item\":\"https:\/\/konjaccay.com\/\"},{\"@type\":\"ListItem\",\"position\":2,\"name\":\"\u00d6deme ve Teslimat\"}]},{\"@type\":\"WebSite\",\"@id\":\"https:\/\/konjaccay.com\/#website\",\"url\":\"https:\/\/konjaccay.com\/\",\"name\":\"Konjac \u00c7ay\",\"description\":\"\",\"potentialAction\":[{\"@type\":\"SearchAction\",\"target\":{\"@type\":\"EntryPoint\",\"urlTemplate\":\"https:\/\/konjaccay.com\/?s={search_term_string}\"},\"query-input\":{\"@type\":\"PropertyValueSpecification\",\"valueRequired\":true,\"valueName\":\"search_term_string\"}}],\"inLanguage\":\"en-US\"}]}<\/script>\n<!-- \/ Yoast SEO plugin. -->","yoast_head_json":{"title":"\u00d6deme ve Teslimat - Konjac \u00c7ay","description":"Konjac \u00c7ay - \u00d6deme ve Teslimat","robots":{"index":"index","follow":"follow","max-snippet":"max-snippet:-1","max-image-preview":"max-image-preview:large","max-video-preview":"max-video-preview:-1"},"canonical":"https:\/\/konjaccay.com\/en\/payment-and-delivery\/","og_locale":"en_US","og_type":"article","og_title":"\u00d6deme ve Teslimat - Konjac \u00c7ay","og_description":"Konjac \u00c7ay - \u00d6deme ve Teslimat","og_url":"https:\/\/konjaccay.com\/en\/payment-and-delivery\/","og_site_name":"Konjac \u00c7ay","article_modified_time":"2024-06-26T09:15:58+00:00","twitter_card":"summary_large_image","twitter_misc":{"Est. reading time":"5 minutes"},"schema":{"@context":"https:\/\/schema.org","@graph":[{"@type":"WebPage","@id":"https:\/\/konjaccay.com\/odeme-ve-teslimat\/","url":"https:\/\/konjaccay.com\/odeme-ve-teslimat\/","name":"\u00d6deme ve Teslimat - Konjac \u00c7ay","isPartOf":{"@id":"https:\/\/konjaccay.com\/#website"},"datePublished":"2024-06-26T09:15:25+00:00","dateModified":"2024-06-26T09:15:58+00:00","description":"Konjac \u00c7ay - \u00d6deme ve Teslimat","breadcrumb":{"@id":"https:\/\/konjaccay.com\/odeme-ve-teslimat\/#breadcrumb"},"inLanguage":"en-US","potentialAction":[{"@type":"ReadAction","target":["https:\/\/konjaccay.com\/odeme-ve-teslimat\/"]}]},{"@type":"BreadcrumbList","@id":"https:\/\/konjaccay.com\/odeme-ve-teslimat\/#breadcrumb","itemListElement":[{"@type":"ListItem","position":1,"name":"Anasayfa","item":"https:\/\/konjaccay.com\/"},{"@type":"ListItem","position":2,"name":"\u00d6deme ve Teslimat"}]},{"@type":"WebSite","@id":"https:\/\/konjaccay.com\/#website","url":"https:\/\/konjaccay.com\/","name":"Konjac \u00c7ay","description":"","potentialAction":[{"@type":"SearchAction","target":{"@type":"EntryPoint","urlTemplate":"https:\/\/konjaccay.com\/?s={search_term_string}"},"query-input":{"@type":"PropertyValueSpecification","valueRequired":true,"valueName":"search_term_string"}}],"inLanguage":"en-US"}]}},"_links":{"self":[{"href":"https:\/\/konjaccay.com\/en\/wp-json\/wp\/v2\/pages\/307","targetHints":{"allow":["GET"]}}],"collection":[{"href":"https:\/\/konjaccay.com\/en\/wp-json\/wp\/v2\/pages"}],"about":[{"href":"https:\/\/konjaccay.com\/en\/wp-json\/wp\/v2\/types\/page"}],"author":[{"embeddable":true,"href":"https:\/\/konjaccay.com\/en\/wp-json\/wp\/v2\/users\/1"}],"replies":[{"embeddable":true,"href":"https:\/\/konjaccay.com\/en\/wp-json\/wp\/v2\/comments?post=307"}],"version-history":[{"count":4,"href":"https:\/\/konjaccay.com\/en\/wp-json\/wp\/v2\/pages\/307\/revisions"}],"predecessor-version":[{"id":311,"href":"https:\/\/konjaccay.com\/en\/wp-json\/wp\/v2\/pages\/307\/revisions\/311"}],"wp:attachment":[{"href":"https:\/\/konjaccay.com\/en\/wp-json\/wp\/v2\/media?parent=307"}],"curies":[{"name":"wp","href":"https:\/\/api.w.org\/{rel}","templated":true}]}}